{"id":5371,"date":"2025-09-17T12:38:04","date_gmt":"2025-09-17T12:38:04","guid":{"rendered":"https:\/\/iodontosul.com.br\/?post_type=product&#038;p=5371"},"modified":"2025-09-17T12:39:43","modified_gmt":"2025-09-17T12:39:43","slug":"pote-paladon-silicone","status":"publish","type":"product","link":"http:\/\/iodontosul.com.br\/?product=pote-paladon-silicone","title":{"rendered":"Pote Paladon de Silicone"},"content":{"rendered":"<p><strong>INDICA\u00c7\u00c3O:<\/strong><\/p>\n<p>Indicado para manipula\u00e7\u00e3o, acondicionamento e transporte de resinas acr\u00edlicas, cimentos tempor\u00e1rios, l\u00edquidos monom\u00e9ricos e outros materiais odontol\u00f3gicos que exigem manuseio limpo e seguro.<\/p>\n<p>&nbsp;<\/p>\n<p><strong>REG. ANVISA:<\/strong> Dispensa<\/p>\n","protected":false},"excerpt":{"rendered":"<p>INDICA\u00c7\u00c3O: Indicado para manipula\u00e7\u00e3o, acondicionamento e transporte de resinas acr\u00edlicas, cimentos tempor\u00e1rios, l\u00edquidos monom\u00e9ricos e outros materiais odontol\u00f3gicos que exigem manuseio limpo e seguro. &nbsp; REG. ANVISA: Dispensa<\/p>\n","protected":false},"featured_media":5372,"template":"","meta":{"_acf_changed":false,"_eb_attr":""},"product_brand":[],"product_cat":[80],"product_tag":[],"class_list":{"0":"post-5371","1":"product","2":"type-product","3":"status-publish","4":"has-post-thumbnail","6":"product_cat-acessorios","8":"first","9":"instock","10":"shipping-taxable","11":"product-type-simple"},"acf":[],"_links":{"self":[{"href":"http:\/\/iodontosul.com.br\/index.php?rest_route=\/wp\/v2\/product\/5371","targetHints":{"allow":["GET"]}}],"collection":[{"href":"http:\/\/iodontosul.com.br\/index.php?rest_route=\/wp\/v2\/product"}],"about":[{"href":"http:\/\/iodontosul.com.br\/index.php?rest_route=\/wp\/v2\/types\/product"}],"wp:featuredmedia":[{"embeddable":true,"href":"http:\/\/iodontosul.com.br\/index.php?rest_route=\/wp\/v2\/media\/5372"}],"wp:attachment":[{"href":"http:\/\/iodontosul.com.br\/index.php?rest_route=%2Fwp%2Fv2%2Fmedia&parent=5371"}],"wp:term":[{"taxonomy":"product_brand","embeddable":true,"href":"http:\/\/iodontosul.com.br\/index.php?rest_route=%2Fwp%2Fv2%2Fproduct_brand&post=5371"},{"taxonomy":"product_cat","embeddable":true,"href":"http:\/\/iodontosul.com.br\/index.php?rest_route=%2Fwp%2Fv2%2Fproduct_cat&post=5371"},{"taxonomy":"product_tag","embeddable":true,"href":"http:\/\/iodontosul.com.br\/index.php?rest_route=%2Fwp%2Fv2%2Fproduct_tag&post=5371"}],"curies":[{"name":"wp","href":"https:\/\/api.w.org\/{rel}","templated":true}]}}