{"id":5331,"date":"2025-07-18T18:42:28","date_gmt":"2025-07-18T18:42:28","guid":{"rendered":"https:\/\/iodontosul.com.br\/?post_type=product&#038;p=5331"},"modified":"2025-09-11T19:39:24","modified_gmt":"2025-09-11T19:39:24","slug":"white-dent-home","status":"publish","type":"product","link":"http:\/\/iodontosul.com.br\/?product=white-dent-home","title":{"rendered":"Whitedent Home &#8211; Clareador dental"},"content":{"rendered":"<p><strong> INDICA\u00c7\u00c3O:<\/strong><\/p>\n<p>Clareador \u00e0 base de per\u00f3xido de carbamida a 10%, 16% e 22% para uso caseiro, supervisionado pelo dentista.<\/p>\n<p><strong>REG.ANVISA:<\/strong> 80442020079<\/p>\n","protected":false},"excerpt":{"rendered":"<p>INDICA\u00c7\u00c3O: Clareador \u00e0 base de per\u00f3xido de carbamida a 10%, 16% e 22% para uso caseiro, supervisionado pelo dentista. REG.ANVISA: 80442020079<\/p>\n","protected":false},"featured_media":5333,"template":"","meta":{"_acf_changed":false,"_eb_attr":""},"product_brand":[],"product_cat":[78],"product_tag":[],"class_list":{"0":"post-5331","1":"product","2":"type-product","3":"status-publish","4":"has-post-thumbnail","6":"product_cat-clareamento","8":"first","9":"instock","10":"shipping-taxable","11":"product-type-simple"},"acf":[],"_links":{"self":[{"href":"http:\/\/iodontosul.com.br\/index.php?rest_route=\/wp\/v2\/product\/5331","targetHints":{"allow":["GET"]}}],"collection":[{"href":"http:\/\/iodontosul.com.br\/index.php?rest_route=\/wp\/v2\/product"}],"about":[{"href":"http:\/\/iodontosul.com.br\/index.php?rest_route=\/wp\/v2\/types\/product"}],"wp:featuredmedia":[{"embeddable":true,"href":"http:\/\/iodontosul.com.br\/index.php?rest_route=\/wp\/v2\/media\/5333"}],"wp:attachment":[{"href":"http:\/\/iodontosul.com.br\/index.php?rest_route=%2Fwp%2Fv2%2Fmedia&parent=5331"}],"wp:term":[{"taxonomy":"product_brand","embeddable":true,"href":"http:\/\/iodontosul.com.br\/index.php?rest_route=%2Fwp%2Fv2%2Fproduct_brand&post=5331"},{"taxonomy":"product_cat","embeddable":true,"href":"http:\/\/iodontosul.com.br\/index.php?rest_route=%2Fwp%2Fv2%2Fproduct_cat&post=5331"},{"taxonomy":"product_tag","embeddable":true,"href":"http:\/\/iodontosul.com.br\/index.php?rest_route=%2Fwp%2Fv2%2Fproduct_tag&post=5331"}],"curies":[{"name":"wp","href":"https:\/\/api.w.org\/{rel}","templated":true}]}}