{"id":5175,"date":"2025-03-19T15:36:11","date_gmt":"2025-03-19T15:36:11","guid":{"rendered":"https:\/\/iodontosul.com.br\/?post_type=product&#038;p=5175"},"modified":"2025-09-11T19:42:33","modified_gmt":"2025-09-11T19:42:33","slug":"whitedent-pro","status":"publish","type":"product","link":"http:\/\/iodontosul.com.br\/?product=whitedent-pro","title":{"rendered":"Whitedent Pr\u00f3 &#8211; Clareador dental"},"content":{"rendered":"<p><strong>INDICA\u00c7\u00c3O:\u00a0<\/strong><\/p>\n<p>O Whitedent Pr\u00f3 \u00e9 indicado para clareamento dental de car\u00e1ter cr\u00f4nico, exclusivo para uso em consult\u00f3rio odontol\u00f3gico.<\/p>\n<p><strong>REG. ANVISA:<\/strong> 80442020080 | 80442020081<\/p>\n","protected":false},"excerpt":{"rendered":"<p>INDICA\u00c7\u00c3O:\u00a0 O Whitedent Pr\u00f3 \u00e9 indicado para clareamento dental de car\u00e1ter cr\u00f4nico, exclusivo para uso em consult\u00f3rio odontol\u00f3gico. REG. ANVISA: 80442020080 | 80442020081<\/p>\n","protected":false},"featured_media":5176,"template":"","meta":{"_acf_changed":false,"_eb_attr":""},"product_brand":[],"product_cat":[117],"product_tag":[],"class_list":{"0":"post-5175","1":"product","2":"type-product","3":"status-publish","4":"has-post-thumbnail","6":"product_cat-lancamentos","8":"first","9":"instock","10":"shipping-taxable","11":"product-type-simple"},"acf":[],"_links":{"self":[{"href":"http:\/\/iodontosul.com.br\/index.php?rest_route=\/wp\/v2\/product\/5175","targetHints":{"allow":["GET"]}}],"collection":[{"href":"http:\/\/iodontosul.com.br\/index.php?rest_route=\/wp\/v2\/product"}],"about":[{"href":"http:\/\/iodontosul.com.br\/index.php?rest_route=\/wp\/v2\/types\/product"}],"wp:featuredmedia":[{"embeddable":true,"href":"http:\/\/iodontosul.com.br\/index.php?rest_route=\/wp\/v2\/media\/5176"}],"wp:attachment":[{"href":"http:\/\/iodontosul.com.br\/index.php?rest_route=%2Fwp%2Fv2%2Fmedia&parent=5175"}],"wp:term":[{"taxonomy":"product_brand","embeddable":true,"href":"http:\/\/iodontosul.com.br\/index.php?rest_route=%2Fwp%2Fv2%2Fproduct_brand&post=5175"},{"taxonomy":"product_cat","embeddable":true,"href":"http:\/\/iodontosul.com.br\/index.php?rest_route=%2Fwp%2Fv2%2Fproduct_cat&post=5175"},{"taxonomy":"product_tag","embeddable":true,"href":"http:\/\/iodontosul.com.br\/index.php?rest_route=%2Fwp%2Fv2%2Fproduct_tag&post=5175"}],"curies":[{"name":"wp","href":"https:\/\/api.w.org\/{rel}","templated":true}]}}