{"id":5059,"date":"2025-03-19T11:55:01","date_gmt":"2025-03-19T11:55:01","guid":{"rendered":"https:\/\/iodontosul.com.br\/?post_type=product&#038;p=5059"},"modified":"2025-06-12T14:27:34","modified_gmt":"2025-06-12T14:27:34","slug":"sugador-cirurgico","status":"publish","type":"product","link":"http:\/\/iodontosul.com.br\/?product=sugador-cirurgico","title":{"rendered":"Sugador Cir\u00fargico"},"content":{"rendered":"<p><strong>INDICA\u00c7\u00c3O:<\/strong><\/p>\n<p>&nbsp;<\/p>\n<p>Indicado para procedimentos em que necessita-se de maior controle de infec\u00e7\u00f5es e indicado para cirurgias de implantes.<\/p>\n<p><strong>REG. ANVISA:<\/strong> 80442020086<\/p>\n","protected":false},"excerpt":{"rendered":"<p>INDICA\u00c7\u00c3O: &nbsp; Indicado para procedimentos em que necessita-se de maior controle de infec\u00e7\u00f5es e indicado para cirurgias de implantes. REG. ANVISA: 80442020086<\/p>\n","protected":false},"featured_media":5060,"template":"","meta":{"_acf_changed":false,"_eb_attr":""},"product_brand":[],"product_cat":[87,117],"product_tag":[],"class_list":{"0":"post-5059","1":"product","2":"type-product","3":"status-publish","4":"has-post-thumbnail","6":"product_cat-cirurgia","7":"product_cat-lancamentos","9":"first","10":"instock","11":"shipping-taxable","12":"product-type-simple"},"acf":[],"_links":{"self":[{"href":"http:\/\/iodontosul.com.br\/index.php?rest_route=\/wp\/v2\/product\/5059","targetHints":{"allow":["GET"]}}],"collection":[{"href":"http:\/\/iodontosul.com.br\/index.php?rest_route=\/wp\/v2\/product"}],"about":[{"href":"http:\/\/iodontosul.com.br\/index.php?rest_route=\/wp\/v2\/types\/product"}],"wp:featuredmedia":[{"embeddable":true,"href":"http:\/\/iodontosul.com.br\/index.php?rest_route=\/wp\/v2\/media\/5060"}],"wp:attachment":[{"href":"http:\/\/iodontosul.com.br\/index.php?rest_route=%2Fwp%2Fv2%2Fmedia&parent=5059"}],"wp:term":[{"taxonomy":"product_brand","embeddable":true,"href":"http:\/\/iodontosul.com.br\/index.php?rest_route=%2Fwp%2Fv2%2Fproduct_brand&post=5059"},{"taxonomy":"product_cat","embeddable":true,"href":"http:\/\/iodontosul.com.br\/index.php?rest_route=%2Fwp%2Fv2%2Fproduct_cat&post=5059"},{"taxonomy":"product_tag","embeddable":true,"href":"http:\/\/iodontosul.com.br\/index.php?rest_route=%2Fwp%2Fv2%2Fproduct_tag&post=5059"}],"curies":[{"name":"wp","href":"https:\/\/api.w.org\/{rel}","templated":true}]}}