{"id":3966,"date":"2024-05-21T16:36:10","date_gmt":"2024-05-21T16:36:10","guid":{"rendered":"https:\/\/iodontosul.com.br\/?post_type=product&#038;p=3966"},"modified":"2025-09-11T13:20:40","modified_gmt":"2025-09-11T13:20:40","slug":"orthofix","status":"publish","type":"product","link":"http:\/\/iodontosul.com.br\/?product=orthofix","title":{"rendered":"OrthoFix &#8211; Cimento\u00a0Ortod\u00f4ntico"},"content":{"rendered":"<p><strong>INDICA\u00c7\u00c3O:\u00a0<\/strong><\/p>\n<p>&nbsp;<\/p>\n<p>O Cimento Ortod\u00f4ntico OrthoFix \u00e9 indicado para confec\u00e7\u00e3o de levantes oclusais tempor\u00e1rias e na cimenta\u00e7\u00e3o de bandas ortod\u00f4nticas.<\/p>\n<p>&nbsp;<\/p>\n<p><strong>REG. ANVISA:<\/strong> 80442029018.<\/p>\n","protected":false},"excerpt":{"rendered":"<p>INDICA\u00c7\u00c3O:\u00a0 &nbsp; O Cimento Ortod\u00f4ntico OrthoFix \u00e9 indicado para confec\u00e7\u00e3o de levantes oclusais tempor\u00e1rias e na cimenta\u00e7\u00e3o de bandas ortod\u00f4nticas. &nbsp; REG. ANVISA: 80442029018.<\/p>\n","protected":false},"featured_media":3950,"template":"","meta":{"_acf_changed":false,"_eb_attr":""},"product_brand":[],"product_cat":[117],"product_tag":[],"class_list":{"0":"post-3966","1":"product","2":"type-product","3":"status-publish","4":"has-post-thumbnail","6":"product_cat-lancamentos","8":"first","9":"instock","10":"shipping-taxable","11":"purchasable","12":"product-type-variable"},"acf":[],"_links":{"self":[{"href":"http:\/\/iodontosul.com.br\/index.php?rest_route=\/wp\/v2\/product\/3966","targetHints":{"allow":["GET"]}}],"collection":[{"href":"http:\/\/iodontosul.com.br\/index.php?rest_route=\/wp\/v2\/product"}],"about":[{"href":"http:\/\/iodontosul.com.br\/index.php?rest_route=\/wp\/v2\/types\/product"}],"wp:featuredmedia":[{"embeddable":true,"href":"http:\/\/iodontosul.com.br\/index.php?rest_route=\/wp\/v2\/media\/3950"}],"wp:attachment":[{"href":"http:\/\/iodontosul.com.br\/index.php?rest_route=%2Fwp%2Fv2%2Fmedia&parent=3966"}],"wp:term":[{"taxonomy":"product_brand","embeddable":true,"href":"http:\/\/iodontosul.com.br\/index.php?rest_route=%2Fwp%2Fv2%2Fproduct_brand&post=3966"},{"taxonomy":"product_cat","embeddable":true,"href":"http:\/\/iodontosul.com.br\/index.php?rest_route=%2Fwp%2Fv2%2Fproduct_cat&post=3966"},{"taxonomy":"product_tag","embeddable":true,"href":"http:\/\/iodontosul.com.br\/index.php?rest_route=%2Fwp%2Fv2%2Fproduct_tag&post=3966"}],"curies":[{"name":"wp","href":"https:\/\/api.w.org\/{rel}","templated":true}]}}