{"id":3947,"date":"2024-05-21T14:08:52","date_gmt":"2024-05-21T14:08:52","guid":{"rendered":"https:\/\/iodontosul.com.br\/?post_type=product&#038;p=3947"},"modified":"2025-09-25T12:41:01","modified_gmt":"2025-09-25T12:41:01","slug":"master-seal","status":"publish","type":"product","link":"http:\/\/iodontosul.com.br\/?product=master-seal","title":{"rendered":"Master Seal &#8211; Selante"},"content":{"rendered":"<p><strong>INDICA\u00c7\u00c3O:\u00a0<\/strong><\/p>\n<p>&nbsp;<\/p>\n<p>O Selante Master Seal \u00e9 um selante resinoso indicado para usar em f\u00f3ssulas e fissuras<br \/>\nde dentes posteriores dec\u00edduos e permanentes, sendo o respons\u00e1vel por prevenir a<br \/>\nc\u00e1rie na face oclusal dos dentes.<\/p>\n<p>&nbsp;<\/p>\n<p><strong>REG. ANVISA:<\/strong> 80442029020.<\/p>\n","protected":false},"excerpt":{"rendered":"<p>INDICA\u00c7\u00c3O:\u00a0 &nbsp; O Selante Master Seal \u00e9 um selante resinoso indicado para usar em f\u00f3ssulas e fissuras de dentes posteriores dec\u00edduos e permanentes, sendo o respons\u00e1vel por prevenir a c\u00e1rie na face oclusal dos dentes. &nbsp; REG. ANVISA: 80442029020.<\/p>\n","protected":false},"featured_media":5369,"template":"","meta":{"_acf_changed":false,"_eb_attr":""},"product_brand":[],"product_cat":[117],"product_tag":[],"class_list":{"0":"post-3947","1":"product","2":"type-product","3":"status-publish","4":"has-post-thumbnail","6":"product_cat-lancamentos","8":"first","9":"instock","10":"shipping-taxable","11":"product-type-simple"},"acf":[],"_links":{"self":[{"href":"http:\/\/iodontosul.com.br\/index.php?rest_route=\/wp\/v2\/product\/3947","targetHints":{"allow":["GET"]}}],"collection":[{"href":"http:\/\/iodontosul.com.br\/index.php?rest_route=\/wp\/v2\/product"}],"about":[{"href":"http:\/\/iodontosul.com.br\/index.php?rest_route=\/wp\/v2\/types\/product"}],"wp:featuredmedia":[{"embeddable":true,"href":"http:\/\/iodontosul.com.br\/index.php?rest_route=\/wp\/v2\/media\/5369"}],"wp:attachment":[{"href":"http:\/\/iodontosul.com.br\/index.php?rest_route=%2Fwp%2Fv2%2Fmedia&parent=3947"}],"wp:term":[{"taxonomy":"product_brand","embeddable":true,"href":"http:\/\/iodontosul.com.br\/index.php?rest_route=%2Fwp%2Fv2%2Fproduct_brand&post=3947"},{"taxonomy":"product_cat","embeddable":true,"href":"http:\/\/iodontosul.com.br\/index.php?rest_route=%2Fwp%2Fv2%2Fproduct_cat&post=3947"},{"taxonomy":"product_tag","embeddable":true,"href":"http:\/\/iodontosul.com.br\/index.php?rest_route=%2Fwp%2Fv2%2Fproduct_tag&post=3947"}],"curies":[{"name":"wp","href":"https:\/\/api.w.org\/{rel}","templated":true}]}}