{"id":3884,"date":"2024-04-29T12:56:01","date_gmt":"2024-04-29T12:56:01","guid":{"rendered":"https:\/\/iodontosul.com.br\/?post_type=product&#038;p=3884"},"modified":"2025-07-09T17:15:48","modified_gmt":"2025-07-09T17:15:48","slug":"unicbondde","status":"publish","type":"product","link":"http:\/\/iodontosul.com.br\/?product=unicbondde","title":{"rendered":"Adesivo Dentin\u00e1rio &#8211; Unic Bond DE"},"content":{"rendered":"<p><strong>INDICA\u00c7\u00c3O:<\/strong><\/p>\n<p>O produto \u00e9 um adesivo dentin\u00e1rio fotopolimeriz\u00e1vel de dois passos (ataque \u00e1cido + ades\u00e3o) que tem como objeto fazer a compatibiliza\u00e7\u00e3o entre o esmalte e a resina utilizada no processo de restaura\u00e7\u00e3o, ou qualquer outro procedimento que necessite desse tipo de colagem.<\/p>\n<p>&nbsp;<\/p>\n<p><strong>REG. ANVISA:<\/strong>\u00a0 80442029017<\/p>\n","protected":false},"excerpt":{"rendered":"<p>&nbsp;<\/p>\n<p>&nbsp;<\/p>\n","protected":false},"featured_media":3888,"template":"","meta":{"_acf_changed":false,"_eb_attr":""},"product_brand":[],"product_cat":[126],"product_tag":[],"class_list":{"0":"post-3884","1":"product","2":"type-product","3":"status-publish","4":"has-post-thumbnail","6":"product_cat-adesivo-bond","8":"first","9":"onbackorder","10":"shipping-taxable","11":"purchasable","12":"product-type-variable"},"acf":[],"_links":{"self":[{"href":"http:\/\/iodontosul.com.br\/index.php?rest_route=\/wp\/v2\/product\/3884","targetHints":{"allow":["GET"]}}],"collection":[{"href":"http:\/\/iodontosul.com.br\/index.php?rest_route=\/wp\/v2\/product"}],"about":[{"href":"http:\/\/iodontosul.com.br\/index.php?rest_route=\/wp\/v2\/types\/product"}],"wp:featuredmedia":[{"embeddable":true,"href":"http:\/\/iodontosul.com.br\/index.php?rest_route=\/wp\/v2\/media\/3888"}],"wp:attachment":[{"href":"http:\/\/iodontosul.com.br\/index.php?rest_route=%2Fwp%2Fv2%2Fmedia&parent=3884"}],"wp:term":[{"taxonomy":"product_brand","embeddable":true,"href":"http:\/\/iodontosul.com.br\/index.php?rest_route=%2Fwp%2Fv2%2Fproduct_brand&post=3884"},{"taxonomy":"product_cat","embeddable":true,"href":"http:\/\/iodontosul.com.br\/index.php?rest_route=%2Fwp%2Fv2%2Fproduct_cat&post=3884"},{"taxonomy":"product_tag","embeddable":true,"href":"http:\/\/iodontosul.com.br\/index.php?rest_route=%2Fwp%2Fv2%2Fproduct_tag&post=3884"}],"curies":[{"name":"wp","href":"https:\/\/api.w.org\/{rel}","templated":true}]}}