{"id":3777,"date":"2024-03-14T19:27:37","date_gmt":"2024-03-14T19:27:37","guid":{"rendered":"https:\/\/iodontosul.com.br\/?post_type=product&#038;p=3777"},"modified":"2025-07-09T17:58:52","modified_gmt":"2025-07-09T17:58:52","slug":"cimentodycalcium","status":"publish","type":"product","link":"http:\/\/iodontosul.com.br\/?product=cimentodycalcium","title":{"rendered":"Dycalcium &#8211; Cimento Forrador de Hidr\u00f3xido de C\u00e1lcio"},"content":{"rendered":"<p><strong>INDICA\u00c7\u00c3O:\u00a0<\/strong><\/p>\n<p>&nbsp;<\/p>\n<p>\u00c9 indicado para o capeamento pulpar e forramento protetor sob materiais restauradores, cimentos e outros materiais de base.<\/p>\n<p>&nbsp;<\/p>\n<p><strong>REG. ANVISA:<\/strong> 80442029014<\/p>\n","protected":false},"excerpt":{"rendered":"<p>INDICA\u00c7\u00c3O:\u00a0 &nbsp; \u00c9 indicado para o capeamento pulpar e forramento protetor sob materiais restauradores, cimentos e outros materiais de base. &nbsp; REG. ANVISA: 80442029014<\/p>\n","protected":false},"featured_media":3778,"template":"","meta":{"_acf_changed":false,"_eb_attr":""},"product_brand":[],"product_cat":[81,117],"product_tag":[],"class_list":{"0":"post-3777","1":"product","2":"type-product","3":"status-publish","4":"has-post-thumbnail","6":"product_cat-cimentos","7":"product_cat-lancamentos","8":"wcpa_has_options","10":"first","11":"instock","12":"shipping-taxable","13":"product-type-simple"},"acf":[],"_links":{"self":[{"href":"http:\/\/iodontosul.com.br\/index.php?rest_route=\/wp\/v2\/product\/3777","targetHints":{"allow":["GET"]}}],"collection":[{"href":"http:\/\/iodontosul.com.br\/index.php?rest_route=\/wp\/v2\/product"}],"about":[{"href":"http:\/\/iodontosul.com.br\/index.php?rest_route=\/wp\/v2\/types\/product"}],"wp:featuredmedia":[{"embeddable":true,"href":"http:\/\/iodontosul.com.br\/index.php?rest_route=\/wp\/v2\/media\/3778"}],"wp:attachment":[{"href":"http:\/\/iodontosul.com.br\/index.php?rest_route=%2Fwp%2Fv2%2Fmedia&parent=3777"}],"wp:term":[{"taxonomy":"product_brand","embeddable":true,"href":"http:\/\/iodontosul.com.br\/index.php?rest_route=%2Fwp%2Fv2%2Fproduct_brand&post=3777"},{"taxonomy":"product_cat","embeddable":true,"href":"http:\/\/iodontosul.com.br\/index.php?rest_route=%2Fwp%2Fv2%2Fproduct_cat&post=3777"},{"taxonomy":"product_tag","embeddable":true,"href":"http:\/\/iodontosul.com.br\/index.php?rest_route=%2Fwp%2Fv2%2Fproduct_tag&post=3777"}],"curies":[{"name":"wp","href":"https:\/\/api.w.org\/{rel}","templated":true}]}}