{"id":3676,"date":"2023-12-06T19:56:11","date_gmt":"2023-12-06T19:56:11","guid":{"rendered":"https:\/\/iodontosul.com.br\/?post_type=product&#038;p=3676"},"modified":"2025-05-14T17:01:49","modified_gmt":"2025-05-14T17:01:49","slug":"portamoldeira","status":"publish","type":"product","link":"http:\/\/iodontosul.com.br\/?product=portamoldeira","title":{"rendered":"Porta Moldeira"},"content":{"rendered":"<p><strong>INDICA\u00c7\u00c3O:<\/strong><\/p>\n<p>&nbsp;<\/p>\n<p>Indicado para armazenar e conservar moldeiras de clareamento, moldeiras para bruxismo e aparelhos ortod\u00f4nticos m\u00f3veis enquanto n\u00e3o estiverem em uso e, assim, oferecer maior prote\u00e7\u00e3o e higiene para os itens guardados.<\/p>\n<p>&nbsp;<\/p>\n<p><strong>REG. ANVISA:<\/strong> Dispensa<\/p>\n","protected":false},"excerpt":{"rendered":"<p>INDICA\u00c7\u00c3O: &nbsp; Indicado para armazenar e conservar moldeiras de clareamento, moldeiras para bruxismo e aparelhos ortod\u00f4nticos m\u00f3veis enquanto n\u00e3o estiverem em uso e, assim, oferecer maior prote\u00e7\u00e3o e higiene para os itens guardados. &nbsp; REG. ANVISA: Dispensa<\/p>\n","protected":false},"featured_media":3677,"template":"","meta":{"_acf_changed":false,"_eb_attr":""},"product_brand":[],"product_cat":[80,78],"product_tag":[],"class_list":{"0":"post-3676","1":"product","2":"type-product","3":"status-publish","4":"has-post-thumbnail","6":"product_cat-acessorios","7":"product_cat-clareamento","9":"first","10":"instock","11":"shipping-taxable","12":"product-type-simple"},"acf":[],"_links":{"self":[{"href":"http:\/\/iodontosul.com.br\/index.php?rest_route=\/wp\/v2\/product\/3676","targetHints":{"allow":["GET"]}}],"collection":[{"href":"http:\/\/iodontosul.com.br\/index.php?rest_route=\/wp\/v2\/product"}],"about":[{"href":"http:\/\/iodontosul.com.br\/index.php?rest_route=\/wp\/v2\/types\/product"}],"wp:featuredmedia":[{"embeddable":true,"href":"http:\/\/iodontosul.com.br\/index.php?rest_route=\/wp\/v2\/media\/3677"}],"wp:attachment":[{"href":"http:\/\/iodontosul.com.br\/index.php?rest_route=%2Fwp%2Fv2%2Fmedia&parent=3676"}],"wp:term":[{"taxonomy":"product_brand","embeddable":true,"href":"http:\/\/iodontosul.com.br\/index.php?rest_route=%2Fwp%2Fv2%2Fproduct_brand&post=3676"},{"taxonomy":"product_cat","embeddable":true,"href":"http:\/\/iodontosul.com.br\/index.php?rest_route=%2Fwp%2Fv2%2Fproduct_cat&post=3676"},{"taxonomy":"product_tag","embeddable":true,"href":"http:\/\/iodontosul.com.br\/index.php?rest_route=%2Fwp%2Fv2%2Fproduct_tag&post=3676"}],"curies":[{"name":"wp","href":"https:\/\/api.w.org\/{rel}","templated":true}]}}