{"id":3584,"date":"2023-10-09T17:27:36","date_gmt":"2023-10-09T17:27:36","guid":{"rendered":"https:\/\/iodontosul.com.br\/?post_type=product&#038;p=3584"},"modified":"2025-09-10T14:14:37","modified_gmt":"2025-09-10T14:14:37","slug":"espelho-odontologico-front-surface-numero-5-2","status":"publish","type":"product","link":"http:\/\/iodontosul.com.br\/?product=espelho-odontologico-front-surface-numero-5-2","title":{"rendered":"Espelho Odontol\u00f3gico &#8211; Reflex"},"content":{"rendered":"<p><strong>INDICA\u00c7\u00c3O:<\/strong><\/p>\n<p>\u00c9 um dispositivo para auxiliar na visualiza\u00e7\u00e3o e diagn\u00f3stico profissional.<\/p>\n<p>&nbsp;<\/p>\n<p><strong>REG. ANVISA:<\/strong> 80442020025.<\/p>\n","protected":false},"excerpt":{"rendered":"<p>INDICA\u00c7\u00c3O: \u00c9 um dispositivo para auxiliar na visualiza\u00e7\u00e3o e diagn\u00f3stico profissional. &nbsp; REG. ANVISA: 80442020025.<\/p>\n","protected":false},"featured_media":5328,"template":"","meta":{"_acf_changed":false,"_eb_attr":""},"product_brand":[],"product_cat":[80],"product_tag":[],"class_list":{"0":"post-3584","1":"product","2":"type-product","3":"status-publish","4":"has-post-thumbnail","6":"product_cat-acessorios","8":"first","9":"onbackorder","10":"shipping-taxable","11":"purchasable","12":"product-type-variable"},"acf":[],"_links":{"self":[{"href":"http:\/\/iodontosul.com.br\/index.php?rest_route=\/wp\/v2\/product\/3584","targetHints":{"allow":["GET"]}}],"collection":[{"href":"http:\/\/iodontosul.com.br\/index.php?rest_route=\/wp\/v2\/product"}],"about":[{"href":"http:\/\/iodontosul.com.br\/index.php?rest_route=\/wp\/v2\/types\/product"}],"wp:featuredmedia":[{"embeddable":true,"href":"http:\/\/iodontosul.com.br\/index.php?rest_route=\/wp\/v2\/media\/5328"}],"wp:attachment":[{"href":"http:\/\/iodontosul.com.br\/index.php?rest_route=%2Fwp%2Fv2%2Fmedia&parent=3584"}],"wp:term":[{"taxonomy":"product_brand","embeddable":true,"href":"http:\/\/iodontosul.com.br\/index.php?rest_route=%2Fwp%2Fv2%2Fproduct_brand&post=3584"},{"taxonomy":"product_cat","embeddable":true,"href":"http:\/\/iodontosul.com.br\/index.php?rest_route=%2Fwp%2Fv2%2Fproduct_cat&post=3584"},{"taxonomy":"product_tag","embeddable":true,"href":"http:\/\/iodontosul.com.br\/index.php?rest_route=%2Fwp%2Fv2%2Fproduct_tag&post=3584"}],"curies":[{"name":"wp","href":"https:\/\/api.w.org\/{rel}","templated":true}]}}