{"id":3558,"date":"2023-10-04T16:42:59","date_gmt":"2023-10-04T16:42:59","guid":{"rendered":"https:\/\/iodontosul.com.br\/?post_type=product&#038;p=3558"},"modified":"2025-09-10T13:34:19","modified_gmt":"2025-09-10T13:34:19","slug":"ceraarticulacao","status":"publish","type":"product","link":"http:\/\/iodontosul.com.br\/?product=ceraarticulacao","title":{"rendered":"Cera Odontol\u00f3gica"},"content":{"rendered":"<p><strong>INDICA\u00c7\u00c3O:<\/strong><\/p>\n<p>&nbsp;<\/p>\n<p>\u00c9 indicado para o auxilio na elabora\u00e7\u00e3o de pr\u00f3teses dent\u00e1rias, no ajuste de moldeira e ajuste de modelos em articulador.<\/p>\n<p>&nbsp;<\/p>\n<p><strong>REG. ANVISA:<\/strong> Dispensa<\/p>\n","protected":false},"excerpt":{"rendered":"<p>INDICA\u00c7\u00c3O: &nbsp; \u00c9 indicado para o auxilio na elabora\u00e7\u00e3o de pr\u00f3teses dent\u00e1rias, no ajuste de moldeira e ajuste de modelos em articulador. &nbsp; REG. ANVISA: Dispensa<\/p>\n","protected":false},"featured_media":5346,"template":"","meta":{"_acf_changed":false,"_eb_attr":""},"product_brand":[],"product_cat":[85,117],"product_tag":[],"class_list":{"0":"post-3558","1":"product","2":"type-product","3":"status-publish","4":"has-post-thumbnail","6":"product_cat-diversos","7":"product_cat-lancamentos","9":"first","10":"onbackorder","11":"shipping-taxable","12":"purchasable","13":"product-type-variable"},"acf":[],"_links":{"self":[{"href":"http:\/\/iodontosul.com.br\/index.php?rest_route=\/wp\/v2\/product\/3558","targetHints":{"allow":["GET"]}}],"collection":[{"href":"http:\/\/iodontosul.com.br\/index.php?rest_route=\/wp\/v2\/product"}],"about":[{"href":"http:\/\/iodontosul.com.br\/index.php?rest_route=\/wp\/v2\/types\/product"}],"wp:featuredmedia":[{"embeddable":true,"href":"http:\/\/iodontosul.com.br\/index.php?rest_route=\/wp\/v2\/media\/5346"}],"wp:attachment":[{"href":"http:\/\/iodontosul.com.br\/index.php?rest_route=%2Fwp%2Fv2%2Fmedia&parent=3558"}],"wp:term":[{"taxonomy":"product_brand","embeddable":true,"href":"http:\/\/iodontosul.com.br\/index.php?rest_route=%2Fwp%2Fv2%2Fproduct_brand&post=3558"},{"taxonomy":"product_cat","embeddable":true,"href":"http:\/\/iodontosul.com.br\/index.php?rest_route=%2Fwp%2Fv2%2Fproduct_cat&post=3558"},{"taxonomy":"product_tag","embeddable":true,"href":"http:\/\/iodontosul.com.br\/index.php?rest_route=%2Fwp%2Fv2%2Fproduct_tag&post=3558"}],"curies":[{"name":"wp","href":"https:\/\/api.w.org\/{rel}","templated":true}]}}