{"id":3259,"date":"2023-07-11T13:13:28","date_gmt":"2023-07-11T13:13:28","guid":{"rendered":"https:\/\/iodontosul.com.br\/?post_type=product&#038;p=3259"},"modified":"2025-09-15T17:46:23","modified_gmt":"2025-09-15T17:46:23","slug":"espatulaalginato","status":"publish","type":"product","link":"http:\/\/iodontosul.com.br\/?product=espatulaalginato","title":{"rendered":"Esp\u00e1tula para Alginato &#8211; Esp\u00e1tula para manipula\u00e7\u00e3o"},"content":{"rendered":"<p><strong>INDICA\u00c7\u00c3O:<\/strong><\/p>\n<p>A\u00a0Esp\u00e1tula pl\u00e1stica\u00a0\u00e9 indicada para manipula\u00e7\u00e3o de materiais odontol\u00f3gicos.<\/p>\n<p>&nbsp;<\/p>\n<p><strong>REG. ANVISA:<\/strong> Dispensa<\/p>\n","protected":false},"excerpt":{"rendered":"<p>INDICA\u00c7\u00c3O: A\u00a0Esp\u00e1tula pl\u00e1stica\u00a0\u00e9 indicada para manipula\u00e7\u00e3o de materiais odontol\u00f3gicos. &nbsp; REG. ANVISA: Dispensa<\/p>\n","protected":false},"featured_media":3261,"template":"","meta":{"_acf_changed":false,"_eb_attr":""},"product_brand":[],"product_cat":[80],"product_tag":[],"class_list":{"0":"post-3259","1":"product","2":"type-product","3":"status-publish","4":"has-post-thumbnail","6":"product_cat-acessorios","8":"first","9":"instock","10":"shipping-taxable","11":"product-type-simple"},"acf":[],"_links":{"self":[{"href":"http:\/\/iodontosul.com.br\/index.php?rest_route=\/wp\/v2\/product\/3259","targetHints":{"allow":["GET"]}}],"collection":[{"href":"http:\/\/iodontosul.com.br\/index.php?rest_route=\/wp\/v2\/product"}],"about":[{"href":"http:\/\/iodontosul.com.br\/index.php?rest_route=\/wp\/v2\/types\/product"}],"wp:featuredmedia":[{"embeddable":true,"href":"http:\/\/iodontosul.com.br\/index.php?rest_route=\/wp\/v2\/media\/3261"}],"wp:attachment":[{"href":"http:\/\/iodontosul.com.br\/index.php?rest_route=%2Fwp%2Fv2%2Fmedia&parent=3259"}],"wp:term":[{"taxonomy":"product_brand","embeddable":true,"href":"http:\/\/iodontosul.com.br\/index.php?rest_route=%2Fwp%2Fv2%2Fproduct_brand&post=3259"},{"taxonomy":"product_cat","embeddable":true,"href":"http:\/\/iodontosul.com.br\/index.php?rest_route=%2Fwp%2Fv2%2Fproduct_cat&post=3259"},{"taxonomy":"product_tag","embeddable":true,"href":"http:\/\/iodontosul.com.br\/index.php?rest_route=%2Fwp%2Fv2%2Fproduct_tag&post=3259"}],"curies":[{"name":"wp","href":"https:\/\/api.w.org\/{rel}","templated":true}]}}