{"id":2960,"date":"2023-03-27T20:23:25","date_gmt":"2023-03-27T20:23:25","guid":{"rendered":"https:\/\/iodontosul.com.br\/?post_type=product&#038;p=2960"},"modified":"2025-07-09T12:47:53","modified_gmt":"2025-07-09T12:47:53","slug":"past-x-pasta-profilatica-com-2-de-fluoreto-de-sodio","status":"publish","type":"product","link":"http:\/\/iodontosul.com.br\/?product=past-x-pasta-profilatica-com-2-de-fluoreto-de-sodio","title":{"rendered":"Past-X Pasta Profil\u00e1tica com 2% de Fluoreto de S\u00f3dio"},"content":{"rendered":"<p><strong>INDICA\u00c7\u00c3O:<\/strong><\/p>\n<p>&nbsp;<\/p>\n<p>Indicada para remover manchas persistentes. Past X \u00e9 recomendado onde o cimento ou a dentina est\u00e3o expostos. \u00c9 especialmente formulado para remover manchas dif\u00edceis como caf\u00e9, ch\u00e1 ou tabaco.<\/p>\n<p>&nbsp;<\/p>\n<p><strong>REG.ANVISA:<\/strong> 80442020076<\/p>\n","protected":false},"excerpt":{"rendered":"<p>INDICA\u00c7\u00c3O: &nbsp; Indicada para remover manchas persistentes. Past X \u00e9 recomendado onde o cimento ou a dentina est\u00e3o expostos. \u00c9 especialmente formulado para remover manchas dif\u00edceis como caf\u00e9, ch\u00e1 ou tabaco. &nbsp; REG.ANVISA: 80442020076<\/p>\n","protected":false},"featured_media":4287,"template":"","meta":{"_acf_changed":false,"_eb_attr":""},"product_brand":[],"product_cat":[79],"product_tag":[],"class_list":{"0":"post-2960","1":"product","2":"type-product","3":"status-publish","4":"has-post-thumbnail","6":"product_cat-acabamento-e-profilaxia","8":"first","9":"instock","10":"shipping-taxable","11":"product-type-simple"},"acf":[],"_links":{"self":[{"href":"http:\/\/iodontosul.com.br\/index.php?rest_route=\/wp\/v2\/product\/2960","targetHints":{"allow":["GET"]}}],"collection":[{"href":"http:\/\/iodontosul.com.br\/index.php?rest_route=\/wp\/v2\/product"}],"about":[{"href":"http:\/\/iodontosul.com.br\/index.php?rest_route=\/wp\/v2\/types\/product"}],"wp:featuredmedia":[{"embeddable":true,"href":"http:\/\/iodontosul.com.br\/index.php?rest_route=\/wp\/v2\/media\/4287"}],"wp:attachment":[{"href":"http:\/\/iodontosul.com.br\/index.php?rest_route=%2Fwp%2Fv2%2Fmedia&parent=2960"}],"wp:term":[{"taxonomy":"product_brand","embeddable":true,"href":"http:\/\/iodontosul.com.br\/index.php?rest_route=%2Fwp%2Fv2%2Fproduct_brand&post=2960"},{"taxonomy":"product_cat","embeddable":true,"href":"http:\/\/iodontosul.com.br\/index.php?rest_route=%2Fwp%2Fv2%2Fproduct_cat&post=2960"},{"taxonomy":"product_tag","embeddable":true,"href":"http:\/\/iodontosul.com.br\/index.php?rest_route=%2Fwp%2Fv2%2Fproduct_tag&post=2960"}],"curies":[{"name":"wp","href":"https:\/\/api.w.org\/{rel}","templated":true}]}}