{"id":2939,"date":"2023-01-02T15:20:40","date_gmt":"2023-01-02T15:20:40","guid":{"rendered":"https:\/\/iodontosul.com.br\/?post_type=product&#038;p=2939"},"modified":"2025-09-10T14:04:54","modified_gmt":"2025-09-10T14:04:54","slug":"regua-endo","status":"publish","type":"product","link":"http:\/\/iodontosul.com.br\/?product=regua-endo","title":{"rendered":"Endo Line &#8211; R\u00e9gua Endo"},"content":{"rendered":"<p><strong> INDICA\u00c7\u00c3O:<\/strong><\/p>\n<p>R\u00e9gua Endod\u00f4ntica, Utilizadas para se aplicar ao instrumento o comprimento<br \/>\nde trabalho pelo deslocamento do cursor.<\/p>\n<p>&nbsp;<\/p>\n<p><strong> REG. ANVISA:<\/strong> Dispensa<\/p>\n","protected":false},"excerpt":{"rendered":"<p>INDICA\u00c7\u00c3O: R\u00e9gua Endod\u00f4ntica, Utilizadas para se aplicar ao instrumento o comprimento de trabalho pelo deslocamento do cursor. &nbsp; REG. ANVISA: Dispensa<\/p>\n","protected":false},"featured_media":2940,"template":"","meta":{"_acf_changed":false,"_eb_attr":""},"product_brand":[],"product_cat":[95],"product_tag":[],"class_list":{"0":"post-2939","1":"product","2":"type-product","3":"status-publish","4":"has-post-thumbnail","6":"product_cat-endodontia","8":"first","9":"instock","10":"shipping-taxable","11":"product-type-simple"},"acf":[],"_links":{"self":[{"href":"http:\/\/iodontosul.com.br\/index.php?rest_route=\/wp\/v2\/product\/2939","targetHints":{"allow":["GET"]}}],"collection":[{"href":"http:\/\/iodontosul.com.br\/index.php?rest_route=\/wp\/v2\/product"}],"about":[{"href":"http:\/\/iodontosul.com.br\/index.php?rest_route=\/wp\/v2\/types\/product"}],"wp:featuredmedia":[{"embeddable":true,"href":"http:\/\/iodontosul.com.br\/index.php?rest_route=\/wp\/v2\/media\/2940"}],"wp:attachment":[{"href":"http:\/\/iodontosul.com.br\/index.php?rest_route=%2Fwp%2Fv2%2Fmedia&parent=2939"}],"wp:term":[{"taxonomy":"product_brand","embeddable":true,"href":"http:\/\/iodontosul.com.br\/index.php?rest_route=%2Fwp%2Fv2%2Fproduct_brand&post=2939"},{"taxonomy":"product_cat","embeddable":true,"href":"http:\/\/iodontosul.com.br\/index.php?rest_route=%2Fwp%2Fv2%2Fproduct_cat&post=2939"},{"taxonomy":"product_tag","embeddable":true,"href":"http:\/\/iodontosul.com.br\/index.php?rest_route=%2Fwp%2Fv2%2Fproduct_tag&post=2939"}],"curies":[{"name":"wp","href":"https:\/\/api.w.org\/{rel}","templated":true}]}}