{"id":2850,"date":"2022-08-29T14:23:50","date_gmt":"2022-08-29T14:23:50","guid":{"rendered":"https:\/\/iodontosul.com.br\/?post_type=product&#038;p=2850"},"modified":"2025-07-17T19:03:57","modified_gmt":"2025-07-17T19:03:57","slug":"attack-acido-fosforico-37","status":"publish","type":"product","link":"http:\/\/iodontosul.com.br\/?product=attack-acido-fosforico-37","title":{"rendered":"Attack \u00c1cido Fosf\u00f3rico 37%"},"content":{"rendered":"<p><strong>INDICA\u00c7\u00c3O:\u00a0<\/strong><\/p>\n<p>Gel de \u00e1cido fosf\u00f3rico para condicionamento superficial de esmalte e\/ou dentina, permitindo maior e melhor reten\u00e7\u00e3o dos materiais resinosos.<\/p>\n<p>&nbsp;<\/p>\n<p><strong>REG. ANVISA:<\/strong> 80442029003<\/p>\n","protected":false},"excerpt":{"rendered":"<p>INDICA\u00c7\u00c3O:\u00a0 Gel de \u00e1cido fosf\u00f3rico para condicionamento superficial de esmalte e\/ou dentina, permitindo maior e melhor reten\u00e7\u00e3o dos materiais resinosos. &nbsp; REG. ANVISA: 80442029003<\/p>\n","protected":false},"featured_media":2906,"template":"","meta":{"_acf_changed":false,"_eb_attr":""},"product_brand":[],"product_cat":[88],"product_tag":[],"class_list":{"0":"post-2850","1":"product","2":"type-product","3":"status-publish","4":"has-post-thumbnail","6":"product_cat-agentes-condicionantes","8":"first","9":"instock","10":"shipping-taxable","11":"product-type-simple"},"acf":[],"_links":{"self":[{"href":"http:\/\/iodontosul.com.br\/index.php?rest_route=\/wp\/v2\/product\/2850","targetHints":{"allow":["GET"]}}],"collection":[{"href":"http:\/\/iodontosul.com.br\/index.php?rest_route=\/wp\/v2\/product"}],"about":[{"href":"http:\/\/iodontosul.com.br\/index.php?rest_route=\/wp\/v2\/types\/product"}],"wp:featuredmedia":[{"embeddable":true,"href":"http:\/\/iodontosul.com.br\/index.php?rest_route=\/wp\/v2\/media\/2906"}],"wp:attachment":[{"href":"http:\/\/iodontosul.com.br\/index.php?rest_route=%2Fwp%2Fv2%2Fmedia&parent=2850"}],"wp:term":[{"taxonomy":"product_brand","embeddable":true,"href":"http:\/\/iodontosul.com.br\/index.php?rest_route=%2Fwp%2Fv2%2Fproduct_brand&post=2850"},{"taxonomy":"product_cat","embeddable":true,"href":"http:\/\/iodontosul.com.br\/index.php?rest_route=%2Fwp%2Fv2%2Fproduct_cat&post=2850"},{"taxonomy":"product_tag","embeddable":true,"href":"http:\/\/iodontosul.com.br\/index.php?rest_route=%2Fwp%2Fv2%2Fproduct_tag&post=2850"}],"curies":[{"name":"wp","href":"https:\/\/api.w.org\/{rel}","templated":true}]}}