{"id":2617,"date":"2022-04-19T18:14:24","date_gmt":"2022-04-19T18:14:24","guid":{"rendered":"https:\/\/iodontosul.com.br\/?post_type=product&#038;p=2617"},"modified":"2025-09-11T13:09:22","modified_gmt":"2025-09-11T13:09:22","slug":"oleo-de-laranja","status":"publish","type":"product","link":"http:\/\/iodontosul.com.br\/?product=oleo-de-laranja","title":{"rendered":"\u00d3leo de Laranja &#8211; Solvente de\u00a0Gutta\u00a0Percha"},"content":{"rendered":"<p>&nbsp;<\/p>\n<p><strong>INDICA\u00c7\u00c3O:<\/strong><\/p>\n<p>Solvente \u00e0 base de \u00f3leo essencial extra\u00eddo da casca da laranja doce para remo\u00e7\u00e3o de gutta-percha e cimento de \u00f3xido de zinco e eugenol da c\u00e2mara e do canal radicular.<\/p>\n<p>&nbsp;<\/p>\n<p><strong>REG. ANVISA:<\/strong> 80442029013<\/p>\n","protected":false},"excerpt":{"rendered":"<p>&nbsp; INDICA\u00c7\u00c3O: Solvente \u00e0 base de \u00f3leo essencial extra\u00eddo da casca da laranja doce para remo\u00e7\u00e3o de gutta-percha e cimento de \u00f3xido de zinco e eugenol da c\u00e2mara e do canal radicular. &nbsp; REG. ANVISA: 80442029013<\/p>\n","protected":false},"featured_media":2819,"template":"","meta":{"_acf_changed":false,"_eb_attr":""},"product_brand":[],"product_cat":[95],"product_tag":[],"class_list":{"0":"post-2617","1":"product","2":"type-product","3":"status-publish","4":"has-post-thumbnail","6":"product_cat-endodontia","8":"first","9":"instock","10":"shipping-taxable","11":"product-type-simple"},"acf":[],"_links":{"self":[{"href":"http:\/\/iodontosul.com.br\/index.php?rest_route=\/wp\/v2\/product\/2617","targetHints":{"allow":["GET"]}}],"collection":[{"href":"http:\/\/iodontosul.com.br\/index.php?rest_route=\/wp\/v2\/product"}],"about":[{"href":"http:\/\/iodontosul.com.br\/index.php?rest_route=\/wp\/v2\/types\/product"}],"wp:featuredmedia":[{"embeddable":true,"href":"http:\/\/iodontosul.com.br\/index.php?rest_route=\/wp\/v2\/media\/2819"}],"wp:attachment":[{"href":"http:\/\/iodontosul.com.br\/index.php?rest_route=%2Fwp%2Fv2%2Fmedia&parent=2617"}],"wp:term":[{"taxonomy":"product_brand","embeddable":true,"href":"http:\/\/iodontosul.com.br\/index.php?rest_route=%2Fwp%2Fv2%2Fproduct_brand&post=2617"},{"taxonomy":"product_cat","embeddable":true,"href":"http:\/\/iodontosul.com.br\/index.php?rest_route=%2Fwp%2Fv2%2Fproduct_cat&post=2617"},{"taxonomy":"product_tag","embeddable":true,"href":"http:\/\/iodontosul.com.br\/index.php?rest_route=%2Fwp%2Fv2%2Fproduct_tag&post=2617"}],"curies":[{"name":"wp","href":"https:\/\/api.w.org\/{rel}","templated":true}]}}