{"id":1311,"date":"2021-10-11T12:09:08","date_gmt":"2021-10-11T12:09:08","guid":{"rendered":"https:\/\/iodontosul.com.br\/produto\/oxido-de-zinco\/"},"modified":"2025-04-02T01:10:50","modified_gmt":"2025-04-02T01:10:50","slug":"oxido-de-zinco","status":"publish","type":"product","link":"http:\/\/iodontosul.com.br\/?product=oxido-de-zinco","title":{"rendered":"\u00d3xido de zinco &#8211; ZNO"},"content":{"rendered":"<p><strong>INDICA\u00c7\u00c3O:<\/strong><\/p>\n<p>Indicado para prepara\u00e7\u00e3o de v\u00e1rios produtos odontol\u00f3gicos, como pastas de \u00f3xido zinco eugen\u00f3licas, cimentos endod\u00f4nticos, e cimentos de restauradores provis\u00f3rios.<\/p>\n<p>&nbsp;<\/p>\n<p><strong>REG. ANVISA:<\/strong> 80442020019<\/p>\n","protected":false},"excerpt":{"rendered":"<p>INDICA\u00c7\u00c3O: Indicado para prepara\u00e7\u00e3o de v\u00e1rios produtos odontol\u00f3gicos, como pastas de \u00f3xido zinco eugen\u00f3licas, cimentos endod\u00f4nticos, e cimentos de restauradores provis\u00f3rios. &nbsp; REG. ANVISA: 80442020019<\/p>\n","protected":false},"featured_media":2015,"template":"","meta":{"_acf_changed":false,"_eb_attr":""},"product_brand":[],"product_cat":[97],"product_tag":[],"class_list":{"0":"post-1311","1":"product","2":"type-product","3":"status-publish","4":"has-post-thumbnail","6":"product_cat-restaurador-temporario","8":"first","9":"instock","10":"shipping-taxable","11":"product-type-simple"},"acf":[],"_links":{"self":[{"href":"http:\/\/iodontosul.com.br\/index.php?rest_route=\/wp\/v2\/product\/1311","targetHints":{"allow":["GET"]}}],"collection":[{"href":"http:\/\/iodontosul.com.br\/index.php?rest_route=\/wp\/v2\/product"}],"about":[{"href":"http:\/\/iodontosul.com.br\/index.php?rest_route=\/wp\/v2\/types\/product"}],"wp:featuredmedia":[{"embeddable":true,"href":"http:\/\/iodontosul.com.br\/index.php?rest_route=\/wp\/v2\/media\/2015"}],"wp:attachment":[{"href":"http:\/\/iodontosul.com.br\/index.php?rest_route=%2Fwp%2Fv2%2Fmedia&parent=1311"}],"wp:term":[{"taxonomy":"product_brand","embeddable":true,"href":"http:\/\/iodontosul.com.br\/index.php?rest_route=%2Fwp%2Fv2%2Fproduct_brand&post=1311"},{"taxonomy":"product_cat","embeddable":true,"href":"http:\/\/iodontosul.com.br\/index.php?rest_route=%2Fwp%2Fv2%2Fproduct_cat&post=1311"},{"taxonomy":"product_tag","embeddable":true,"href":"http:\/\/iodontosul.com.br\/index.php?rest_route=%2Fwp%2Fv2%2Fproduct_tag&post=1311"}],"curies":[{"name":"wp","href":"https:\/\/api.w.org\/{rel}","templated":true}]}}