{"id":1308,"date":"2021-10-11T12:09:08","date_gmt":"2021-10-11T12:09:08","guid":{"rendered":"https:\/\/iodontosul.com.br\/produto\/cavitemp-sem-fluor\/"},"modified":"2025-10-01T19:22:56","modified_gmt":"2025-10-01T19:22:56","slug":"cavitemp-com-fluor","status":"publish","type":"product","link":"http:\/\/iodontosul.com.br\/?product=cavitemp-com-fluor","title":{"rendered":"Cavitemp \u2013\u00a0Obturador\u00a0Provis\u00f3rio"},"content":{"rendered":"<p><strong>INDICA\u00c7\u00c3O:<\/strong><\/p>\n<p>&nbsp;<\/p>\n<p>Utilizados em procedimentos de restaura\u00e7\u00e3o tempor\u00e1ria de cavidades.<\/p>\n<p>&nbsp;<\/p>\n<p><strong>COM FL\u00daOR-\u00a0REG. ANVISA:<\/strong> 80442029004.<\/p>\n<p><strong>SEM FL\u00daOR-<\/strong>\u00a0<strong>REG. ANVISA:<\/strong>\u00a080442029006.<\/p>\n","protected":false},"excerpt":{"rendered":"<p>INDICA\u00c7\u00c3O: &nbsp; Utilizados em procedimentos de restaura\u00e7\u00e3o tempor\u00e1ria de cavidades. &nbsp; COM FL\u00daOR-\u00a0REG. ANVISA: 80442029004. SEM FL\u00daOR-\u00a0REG. ANVISA:\u00a080442029006.<\/p>\n","protected":false},"featured_media":5345,"template":"","meta":{"_acf_changed":false,"_eb_attr":""},"product_brand":[],"product_cat":[129],"product_tag":[],"class_list":{"0":"post-1308","1":"product","2":"type-product","3":"status-publish","4":"has-post-thumbnail","6":"product_cat-obturador-provisorio","8":"first","9":"instock","10":"shipping-taxable","11":"product-type-simple"},"acf":[],"_links":{"self":[{"href":"http:\/\/iodontosul.com.br\/index.php?rest_route=\/wp\/v2\/product\/1308","targetHints":{"allow":["GET"]}}],"collection":[{"href":"http:\/\/iodontosul.com.br\/index.php?rest_route=\/wp\/v2\/product"}],"about":[{"href":"http:\/\/iodontosul.com.br\/index.php?rest_route=\/wp\/v2\/types\/product"}],"wp:featuredmedia":[{"embeddable":true,"href":"http:\/\/iodontosul.com.br\/index.php?rest_route=\/wp\/v2\/media\/5345"}],"wp:attachment":[{"href":"http:\/\/iodontosul.com.br\/index.php?rest_route=%2Fwp%2Fv2%2Fmedia&parent=1308"}],"wp:term":[{"taxonomy":"product_brand","embeddable":true,"href":"http:\/\/iodontosul.com.br\/index.php?rest_route=%2Fwp%2Fv2%2Fproduct_brand&post=1308"},{"taxonomy":"product_cat","embeddable":true,"href":"http:\/\/iodontosul.com.br\/index.php?rest_route=%2Fwp%2Fv2%2Fproduct_cat&post=1308"},{"taxonomy":"product_tag","embeddable":true,"href":"http:\/\/iodontosul.com.br\/index.php?rest_route=%2Fwp%2Fv2%2Fproduct_tag&post=1308"}],"curies":[{"name":"wp","href":"https:\/\/api.w.org\/{rel}","templated":true}]}}