{"id":1304,"date":"2021-10-11T12:09:07","date_gmt":"2021-10-11T12:09:07","guid":{"rendered":"https:\/\/iodontosul.com.br\/produto\/revcarie\/"},"modified":"2025-09-25T13:21:24","modified_gmt":"2025-09-25T13:21:24","slug":"revcarie","status":"publish","type":"product","link":"http:\/\/iodontosul.com.br\/?product=revcarie","title":{"rendered":"Rev Carie &#8211; Visualizador de C\u00e1rie"},"content":{"rendered":"<p><strong>INDICA\u00c7\u00c3O:<\/strong><\/p>\n<p>Solu\u00e7\u00e3o utilizada para evidenciar o tecido cariado. Evidenciador de C\u00e1rie, Visualizador de C\u00e1rie, Revelador de C\u00e1rie.<\/p>\n<p>&nbsp;<\/p>\n<p><strong>REG. ANVISA:<\/strong> 80442020056<\/p>\n","protected":false},"excerpt":{"rendered":"<p>INDICA\u00c7\u00c3O: Solu\u00e7\u00e3o utilizada para evidenciar o tecido cariado. Evidenciador de C\u00e1rie, Visualizador de C\u00e1rie, Revelador de C\u00e1rie. &nbsp; REG. ANVISA: 80442020056<\/p>\n","protected":false},"featured_media":2822,"template":"","meta":{"_acf_changed":false,"_eb_attr":""},"product_brand":[],"product_cat":[83],"product_tag":[],"class_list":{"0":"post-1304","1":"product","2":"type-product","3":"status-publish","4":"has-post-thumbnail","6":"product_cat-prevencao","8":"first","9":"instock","10":"shipping-taxable","11":"product-type-simple"},"acf":[],"_links":{"self":[{"href":"http:\/\/iodontosul.com.br\/index.php?rest_route=\/wp\/v2\/product\/1304","targetHints":{"allow":["GET"]}}],"collection":[{"href":"http:\/\/iodontosul.com.br\/index.php?rest_route=\/wp\/v2\/product"}],"about":[{"href":"http:\/\/iodontosul.com.br\/index.php?rest_route=\/wp\/v2\/types\/product"}],"wp:featuredmedia":[{"embeddable":true,"href":"http:\/\/iodontosul.com.br\/index.php?rest_route=\/wp\/v2\/media\/2822"}],"wp:attachment":[{"href":"http:\/\/iodontosul.com.br\/index.php?rest_route=%2Fwp%2Fv2%2Fmedia&parent=1304"}],"wp:term":[{"taxonomy":"product_brand","embeddable":true,"href":"http:\/\/iodontosul.com.br\/index.php?rest_route=%2Fwp%2Fv2%2Fproduct_brand&post=1304"},{"taxonomy":"product_cat","embeddable":true,"href":"http:\/\/iodontosul.com.br\/index.php?rest_route=%2Fwp%2Fv2%2Fproduct_cat&post=1304"},{"taxonomy":"product_tag","embeddable":true,"href":"http:\/\/iodontosul.com.br\/index.php?rest_route=%2Fwp%2Fv2%2Fproduct_tag&post=1304"}],"curies":[{"name":"wp","href":"https:\/\/api.w.org\/{rel}","templated":true}]}}