{"id":1302,"date":"2021-10-11T12:09:07","date_gmt":"2021-10-11T12:09:07","guid":{"rendered":"https:\/\/iodontosul.com.br\/produto\/replasul-s-500-ml\/"},"modified":"2025-09-25T12:50:51","modified_gmt":"2025-09-25T12:50:51","slug":"replasul-s-500-ml","status":"publish","type":"product","link":"http:\/\/iodontosul.com.br\/?product=replasul-s-500-ml","title":{"rendered":"Replasul S &#8211; Evidenciador de placa Solu\u00e7\u00e3o,\u00a0Revelador de placa Solu\u00e7\u00e3o"},"content":{"rendered":"<p><strong>INDICA\u00c7\u00c3O:<\/strong><\/p>\n<p>&nbsp;<\/p>\n<p>Solu\u00e7\u00e3o \u00e0 base de fucsina b\u00e1sica, utilizado para evidenciar a presen\u00e7a de placa bacteriana atrav\u00e9s de bochecho.<\/p>\n<p>&nbsp;<\/p>\n<p><strong>REG. ANVISA:<\/strong> 80442020003<\/p>\n<p>&nbsp;<\/p>\n<p>&nbsp;<\/p>\n","protected":false},"excerpt":{"rendered":"<p>INDICA\u00c7\u00c3O: &nbsp; Solu\u00e7\u00e3o \u00e0 base de fucsina b\u00e1sica, utilizado para evidenciar a presen\u00e7a de placa bacteriana atrav\u00e9s de bochecho. &nbsp; REG. ANVISA: 80442020003 &nbsp; &nbsp;<\/p>\n","protected":false},"featured_media":2930,"template":"","meta":{"_acf_changed":false,"_eb_attr":""},"product_brand":[],"product_cat":[83],"product_tag":[],"class_list":{"0":"post-1302","1":"product","2":"type-product","3":"status-publish","4":"has-post-thumbnail","6":"product_cat-prevencao","8":"first","9":"instock","10":"shipping-taxable","11":"product-type-simple"},"acf":[],"_links":{"self":[{"href":"http:\/\/iodontosul.com.br\/index.php?rest_route=\/wp\/v2\/product\/1302","targetHints":{"allow":["GET"]}}],"collection":[{"href":"http:\/\/iodontosul.com.br\/index.php?rest_route=\/wp\/v2\/product"}],"about":[{"href":"http:\/\/iodontosul.com.br\/index.php?rest_route=\/wp\/v2\/types\/product"}],"wp:featuredmedia":[{"embeddable":true,"href":"http:\/\/iodontosul.com.br\/index.php?rest_route=\/wp\/v2\/media\/2930"}],"wp:attachment":[{"href":"http:\/\/iodontosul.com.br\/index.php?rest_route=%2Fwp%2Fv2%2Fmedia&parent=1302"}],"wp:term":[{"taxonomy":"product_brand","embeddable":true,"href":"http:\/\/iodontosul.com.br\/index.php?rest_route=%2Fwp%2Fv2%2Fproduct_brand&post=1302"},{"taxonomy":"product_cat","embeddable":true,"href":"http:\/\/iodontosul.com.br\/index.php?rest_route=%2Fwp%2Fv2%2Fproduct_cat&post=1302"},{"taxonomy":"product_tag","embeddable":true,"href":"http:\/\/iodontosul.com.br\/index.php?rest_route=%2Fwp%2Fv2%2Fproduct_tag&post=1302"}],"curies":[{"name":"wp","href":"https:\/\/api.w.org\/{rel}","templated":true}]}}