{"id":1282,"date":"2021-10-11T12:09:01","date_gmt":"2021-10-11T12:09:01","guid":{"rendered":"https:\/\/iodontosul.com.br\/produto\/fluorsul-gel-neutro-fluor-em-gel-neutro-a-2-3\/"},"modified":"2025-07-17T19:08:27","modified_gmt":"2025-07-17T19:08:27","slug":"fluorsul-gel-neutro-fluor-em-gel-neutro-a-2-3","status":"publish","type":"product","link":"http:\/\/iodontosul.com.br\/?product=fluorsul-gel-neutro-fluor-em-gel-neutro-a-2-3","title":{"rendered":"Fluorsul Gel Neutro 2%"},"content":{"rendered":"<p><strong>INDICA\u00c7\u00c3O:<\/strong><\/p>\n<p>&nbsp;<\/p>\n<p>Gel indicado para preven\u00e7\u00e3o da c\u00e1rie dent\u00e1ria e remineraliza\u00e7\u00e3o dental.<\/p>\n<p>&nbsp;<\/p>\n<p><strong>REG. ANVISA:<\/strong> 80442020007<\/p>\n","protected":false},"excerpt":{"rendered":"<p>INDICA\u00c7\u00c3O: &nbsp; Gel indicado para preven\u00e7\u00e3o da c\u00e1rie dent\u00e1ria e remineraliza\u00e7\u00e3o dental. &nbsp; REG. ANVISA: 80442020007<\/p>\n","protected":false},"featured_media":3316,"template":"","meta":{"_acf_changed":false,"_eb_attr":""},"product_brand":[],"product_cat":[83],"product_tag":[],"class_list":{"0":"post-1282","1":"product","2":"type-product","3":"status-publish","4":"has-post-thumbnail","6":"product_cat-prevencao","8":"first","9":"onbackorder","10":"shipping-taxable","11":"purchasable","12":"product-type-variable"},"acf":[],"_links":{"self":[{"href":"http:\/\/iodontosul.com.br\/index.php?rest_route=\/wp\/v2\/product\/1282","targetHints":{"allow":["GET"]}}],"collection":[{"href":"http:\/\/iodontosul.com.br\/index.php?rest_route=\/wp\/v2\/product"}],"about":[{"href":"http:\/\/iodontosul.com.br\/index.php?rest_route=\/wp\/v2\/types\/product"}],"wp:featuredmedia":[{"embeddable":true,"href":"http:\/\/iodontosul.com.br\/index.php?rest_route=\/wp\/v2\/media\/3316"}],"wp:attachment":[{"href":"http:\/\/iodontosul.com.br\/index.php?rest_route=%2Fwp%2Fv2%2Fmedia&parent=1282"}],"wp:term":[{"taxonomy":"product_brand","embeddable":true,"href":"http:\/\/iodontosul.com.br\/index.php?rest_route=%2Fwp%2Fv2%2Fproduct_brand&post=1282"},{"taxonomy":"product_cat","embeddable":true,"href":"http:\/\/iodontosul.com.br\/index.php?rest_route=%2Fwp%2Fv2%2Fproduct_cat&post=1282"},{"taxonomy":"product_tag","embeddable":true,"href":"http:\/\/iodontosul.com.br\/index.php?rest_route=%2Fwp%2Fv2%2Fproduct_tag&post=1282"}],"curies":[{"name":"wp","href":"https:\/\/api.w.org\/{rel}","templated":true}]}}