{"id":1255,"date":"2021-10-11T12:08:55","date_gmt":"2021-10-11T12:08:55","guid":{"rendered":"https:\/\/iodontosul.com.br\/produto\/cariostasul-10\/"},"modified":"2025-09-25T12:24:03","modified_gmt":"2025-09-25T12:24:03","slug":"cariostasul-10","status":"publish","type":"product","link":"http:\/\/iodontosul.com.br\/?product=cariostasul-10","title":{"rendered":"Cariostasul \u2013 Cariost\u00e1tico\u00a010%, 12%, 30%"},"content":{"rendered":"<p><strong>INDICA\u00c7\u00c3O:<\/strong><\/p>\n<p>&nbsp;<\/p>\n<p>Cariost\u00e1tico 10%, 12%, 30%.<\/p>\n<p>Usado na inibi\u00e7\u00e3o e preven\u00e7\u00e3o da c\u00e1rie dental em crian\u00e7as devido ao uso da mamadeira noturna, na preven\u00e7\u00e3o de c\u00e1ries secund\u00e1rias e ap\u00f3s restaura\u00e7\u00f5es de am\u00e1lgama ou blocos fundidos. Tamb\u00e9m usado na preven\u00e7\u00e3o de c\u00e1ries em f\u00f3ssulas e fissuras.<\/p>\n<p>&nbsp;<\/p>\n<p><strong>REG. ANVISA:<\/strong><br \/>\nNitrato de prata a 10% 80442020016<br \/>\nNitrato de prata a 12% 80442020011<br \/>\nNitrato de prata a 30% 80442020012<\/p>\n","protected":false},"excerpt":{"rendered":"<p>INDICA\u00c7\u00c3O: &nbsp; Cariost\u00e1tico 10%, 12%, 30%. Usado na inibi\u00e7\u00e3o e preven\u00e7\u00e3o da c\u00e1rie dental em crian\u00e7as devido ao uso da mamadeira noturna, na preven\u00e7\u00e3o de c\u00e1ries secund\u00e1rias e ap\u00f3s restaura\u00e7\u00f5es de am\u00e1lgama ou blocos fundidos. Tamb\u00e9m usado na preven\u00e7\u00e3o de c\u00e1ries em f\u00f3ssulas e fissuras. &nbsp; REG. ANVISA: Nitrato de prata a 10% 80442020016 Nitrato [&hellip;]<\/p>\n","protected":false},"featured_media":3035,"template":"","meta":{"_acf_changed":false,"_eb_attr":""},"product_brand":[],"product_cat":[83],"product_tag":[],"class_list":{"0":"post-1255","1":"product","2":"type-product","3":"status-publish","4":"has-post-thumbnail","6":"product_cat-prevencao","8":"first","9":"onbackorder","10":"shipping-taxable","11":"purchasable","12":"product-type-variable"},"acf":[],"_links":{"self":[{"href":"http:\/\/iodontosul.com.br\/index.php?rest_route=\/wp\/v2\/product\/1255","targetHints":{"allow":["GET"]}}],"collection":[{"href":"http:\/\/iodontosul.com.br\/index.php?rest_route=\/wp\/v2\/product"}],"about":[{"href":"http:\/\/iodontosul.com.br\/index.php?rest_route=\/wp\/v2\/types\/product"}],"wp:featuredmedia":[{"embeddable":true,"href":"http:\/\/iodontosul.com.br\/index.php?rest_route=\/wp\/v2\/media\/3035"}],"wp:attachment":[{"href":"http:\/\/iodontosul.com.br\/index.php?rest_route=%2Fwp%2Fv2%2Fmedia&parent=1255"}],"wp:term":[{"taxonomy":"product_brand","embeddable":true,"href":"http:\/\/iodontosul.com.br\/index.php?rest_route=%2Fwp%2Fv2%2Fproduct_brand&post=1255"},{"taxonomy":"product_cat","embeddable":true,"href":"http:\/\/iodontosul.com.br\/index.php?rest_route=%2Fwp%2Fv2%2Fproduct_cat&post=1255"},{"taxonomy":"product_tag","embeddable":true,"href":"http:\/\/iodontosul.com.br\/index.php?rest_route=%2Fwp%2Fv2%2Fproduct_tag&post=1255"}],"curies":[{"name":"wp","href":"https:\/\/api.w.org\/{rel}","templated":true}]}}