{"id":1248,"date":"2021-10-11T12:08:54","date_gmt":"2021-10-11T12:08:54","guid":{"rendered":"https:\/\/iodontosul.com.br\/produto\/oleo-lubrificante\/"},"modified":"2025-07-18T14:51:15","modified_gmt":"2025-07-18T14:51:15","slug":"oleo-lubrificante","status":"publish","type":"product","link":"http:\/\/iodontosul.com.br\/?product=oleo-lubrificante","title":{"rendered":"Dental Oil &#8211; \u00d3leo Lubrificante"},"content":{"rendered":"<p><strong>INDICA\u00c7\u00c3O:\u00a0<\/strong><\/p>\n<p>\u00c9 um \u00f3leo mineral para lubrifica\u00e7\u00e3o de pe\u00e7as de m\u00e3o.<\/p>\n<p>&nbsp;<\/p>\n<p><strong>REG. ANVISA:<\/strong> Dispensa<\/p>\n","protected":false},"excerpt":{"rendered":"<p>INDICA\u00c7\u00c3O:\u00a0 \u00c9 um \u00f3leo mineral para lubrifica\u00e7\u00e3o de pe\u00e7as de m\u00e3o. &nbsp; REG. ANVISA: Dispensa<\/p>\n","protected":false},"featured_media":2483,"template":"","meta":{"_acf_changed":false,"_eb_attr":""},"product_brand":[],"product_cat":[84],"product_tag":[105],"class_list":{"0":"post-1248","1":"product","2":"type-product","3":"status-publish","4":"has-post-thumbnail","6":"product_cat-lubrificante","7":"product_tag-oleo-lubrificante","9":"first","10":"instock","11":"shipping-taxable","12":"purchasable","13":"product-type-variable"},"acf":[],"_links":{"self":[{"href":"http:\/\/iodontosul.com.br\/index.php?rest_route=\/wp\/v2\/product\/1248","targetHints":{"allow":["GET"]}}],"collection":[{"href":"http:\/\/iodontosul.com.br\/index.php?rest_route=\/wp\/v2\/product"}],"about":[{"href":"http:\/\/iodontosul.com.br\/index.php?rest_route=\/wp\/v2\/types\/product"}],"wp:featuredmedia":[{"embeddable":true,"href":"http:\/\/iodontosul.com.br\/index.php?rest_route=\/wp\/v2\/media\/2483"}],"wp:attachment":[{"href":"http:\/\/iodontosul.com.br\/index.php?rest_route=%2Fwp%2Fv2%2Fmedia&parent=1248"}],"wp:term":[{"taxonomy":"product_brand","embeddable":true,"href":"http:\/\/iodontosul.com.br\/index.php?rest_route=%2Fwp%2Fv2%2Fproduct_brand&post=1248"},{"taxonomy":"product_cat","embeddable":true,"href":"http:\/\/iodontosul.com.br\/index.php?rest_route=%2Fwp%2Fv2%2Fproduct_cat&post=1248"},{"taxonomy":"product_tag","embeddable":true,"href":"http:\/\/iodontosul.com.br\/index.php?rest_route=%2Fwp%2Fv2%2Fproduct_tag&post=1248"}],"curies":[{"name":"wp","href":"https:\/\/api.w.org\/{rel}","templated":true}]}}