{"id":1245,"date":"2021-10-11T12:08:53","date_gmt":"2021-10-11T12:08:53","guid":{"rendered":"https:\/\/iodontosul.com.br\/produto\/solucao-de-labarraque\/"},"modified":"2025-09-11T19:17:04","modified_gmt":"2025-09-11T19:17:04","slug":"solucao-de-labarraque","status":"publish","type":"product","link":"http:\/\/iodontosul.com.br\/?product=solucao-de-labarraque","title":{"rendered":"Solu\u00e7\u00e3o de Labarraque &#8211; Hipoclorito de S\u00f3dio\u00a0a 2,5%\u00a0"},"content":{"rendered":"<p><strong>INDICA\u00c7\u00c3O:<\/strong><\/p>\n<p>Solu\u00e7\u00e3o indicada para a instrumenta\u00e7\u00e3o e irriga\u00e7\u00e3o de Canais radiculares, atuando como desinfetante.<\/p>\n<p>&nbsp;<\/p>\n<p><strong>REG. ANVISA:<\/strong> 80442029012<\/p>\n","protected":false},"excerpt":{"rendered":"<p>INDICA\u00c7\u00c3O: Solu\u00e7\u00e3o indicada para a instrumenta\u00e7\u00e3o e irriga\u00e7\u00e3o de Canais radiculares, atuando como desinfetante. &nbsp; REG. ANVISA: 80442029012<\/p>\n","protected":false},"featured_media":2440,"template":"","meta":{"_acf_changed":false,"_eb_attr":""},"product_brand":[],"product_cat":[95],"product_tag":[],"class_list":{"0":"post-1245","1":"product","2":"type-product","3":"status-publish","4":"has-post-thumbnail","6":"product_cat-endodontia","8":"first","9":"instock","10":"shipping-taxable","11":"product-type-simple"},"acf":[],"_links":{"self":[{"href":"http:\/\/iodontosul.com.br\/index.php?rest_route=\/wp\/v2\/product\/1245","targetHints":{"allow":["GET"]}}],"collection":[{"href":"http:\/\/iodontosul.com.br\/index.php?rest_route=\/wp\/v2\/product"}],"about":[{"href":"http:\/\/iodontosul.com.br\/index.php?rest_route=\/wp\/v2\/types\/product"}],"wp:featuredmedia":[{"embeddable":true,"href":"http:\/\/iodontosul.com.br\/index.php?rest_route=\/wp\/v2\/media\/2440"}],"wp:attachment":[{"href":"http:\/\/iodontosul.com.br\/index.php?rest_route=%2Fwp%2Fv2%2Fmedia&parent=1245"}],"wp:term":[{"taxonomy":"product_brand","embeddable":true,"href":"http:\/\/iodontosul.com.br\/index.php?rest_route=%2Fwp%2Fv2%2Fproduct_brand&post=1245"},{"taxonomy":"product_cat","embeddable":true,"href":"http:\/\/iodontosul.com.br\/index.php?rest_route=%2Fwp%2Fv2%2Fproduct_cat&post=1245"},{"taxonomy":"product_tag","embeddable":true,"href":"http:\/\/iodontosul.com.br\/index.php?rest_route=%2Fwp%2Fv2%2Fproduct_tag&post=1245"}],"curies":[{"name":"wp","href":"https:\/\/api.w.org\/{rel}","templated":true}]}}