{"id":1242,"date":"2021-10-11T12:08:53","date_gmt":"2021-10-11T12:08:53","guid":{"rendered":"https:\/\/iodontosul.com.br\/produto\/teste-de-sensibilidade-ice-test\/"},"modified":"2025-09-25T13:30:37","modified_gmt":"2025-09-25T13:30:37","slug":"teste-de-sensibilidade-ice-test","status":"publish","type":"product","link":"http:\/\/iodontosul.com.br\/?product=teste-de-sensibilidade-ice-test","title":{"rendered":"Teste de sensibilidade &#8211; ICE TEST"},"content":{"rendered":"<p><strong>INDICA\u00c7\u00c3O:<\/strong><\/p>\n<p>&nbsp;<\/p>\n<p>Solu\u00e7\u00e3o em spray para teste de vitalidade pulpar.<\/p>\n<p>&nbsp;<\/p>\n<p><strong>REG. ANVISA<\/strong>: 80442020032<\/p>\n","protected":false},"excerpt":{"rendered":"<p>INDICA\u00c7\u00c3O: &nbsp; Solu\u00e7\u00e3o em spray para teste de vitalidade pulpar. &nbsp; REG. ANVISA: 80442020032<\/p>\n","protected":false},"featured_media":2917,"template":"","meta":{"_acf_changed":false,"_eb_attr":""},"product_brand":[],"product_cat":[95],"product_tag":[],"class_list":{"0":"post-1242","1":"product","2":"type-product","3":"status-publish","4":"has-post-thumbnail","6":"product_cat-endodontia","8":"first","9":"instock","10":"shipping-taxable","11":"product-type-simple"},"acf":[],"_links":{"self":[{"href":"http:\/\/iodontosul.com.br\/index.php?rest_route=\/wp\/v2\/product\/1242","targetHints":{"allow":["GET"]}}],"collection":[{"href":"http:\/\/iodontosul.com.br\/index.php?rest_route=\/wp\/v2\/product"}],"about":[{"href":"http:\/\/iodontosul.com.br\/index.php?rest_route=\/wp\/v2\/types\/product"}],"wp:featuredmedia":[{"embeddable":true,"href":"http:\/\/iodontosul.com.br\/index.php?rest_route=\/wp\/v2\/media\/2917"}],"wp:attachment":[{"href":"http:\/\/iodontosul.com.br\/index.php?rest_route=%2Fwp%2Fv2%2Fmedia&parent=1242"}],"wp:term":[{"taxonomy":"product_brand","embeddable":true,"href":"http:\/\/iodontosul.com.br\/index.php?rest_route=%2Fwp%2Fv2%2Fproduct_brand&post=1242"},{"taxonomy":"product_cat","embeddable":true,"href":"http:\/\/iodontosul.com.br\/index.php?rest_route=%2Fwp%2Fv2%2Fproduct_cat&post=1242"},{"taxonomy":"product_tag","embeddable":true,"href":"http:\/\/iodontosul.com.br\/index.php?rest_route=%2Fwp%2Fv2%2Fproduct_tag&post=1242"}],"curies":[{"name":"wp","href":"https:\/\/api.w.org\/{rel}","templated":true}]}}