{"id":1241,"date":"2021-10-11T12:08:53","date_gmt":"2021-10-11T12:08:53","guid":{"rendered":"https:\/\/iodontosul.com.br\/produto\/eucaliptol\/"},"modified":"2025-09-10T17:56:45","modified_gmt":"2025-09-10T17:56:45","slug":"eucaliptol","status":"publish","type":"product","link":"http:\/\/iodontosul.com.br\/?product=eucaliptol","title":{"rendered":"Eucaliptol &#8211; Solvente de\u00a0Gutta\u00a0Percha"},"content":{"rendered":"<p><strong>INDICA\u00c7\u00c3O:<\/strong><\/p>\n<p>&nbsp;<\/p>\n<p>Solvente \u00e0 base de \u00f3leo essencial de eucalipto para remo\u00e7\u00e3o de gutta-percha da c\u00e2mara e do canal radicular.<\/p>\n<p>&nbsp;<\/p>\n<p><strong>REG. ANVISA:<\/strong> 80442020023<\/p>\n","protected":false},"excerpt":{"rendered":"<p>INDICA\u00c7\u00c3O: &nbsp; Solvente \u00e0 base de \u00f3leo essencial de eucalipto para remo\u00e7\u00e3o de gutta-percha da c\u00e2mara e do canal radicular. &nbsp; REG. ANVISA: 80442020023<\/p>\n","protected":false},"featured_media":2808,"template":"","meta":{"_acf_changed":false,"_eb_attr":""},"product_brand":[],"product_cat":[95],"product_tag":[],"class_list":{"0":"post-1241","1":"product","2":"type-product","3":"status-publish","4":"has-post-thumbnail","6":"product_cat-endodontia","8":"first","9":"instock","10":"shipping-taxable","11":"product-type-simple"},"acf":[],"_links":{"self":[{"href":"http:\/\/iodontosul.com.br\/index.php?rest_route=\/wp\/v2\/product\/1241","targetHints":{"allow":["GET"]}}],"collection":[{"href":"http:\/\/iodontosul.com.br\/index.php?rest_route=\/wp\/v2\/product"}],"about":[{"href":"http:\/\/iodontosul.com.br\/index.php?rest_route=\/wp\/v2\/types\/product"}],"wp:featuredmedia":[{"embeddable":true,"href":"http:\/\/iodontosul.com.br\/index.php?rest_route=\/wp\/v2\/media\/2808"}],"wp:attachment":[{"href":"http:\/\/iodontosul.com.br\/index.php?rest_route=%2Fwp%2Fv2%2Fmedia&parent=1241"}],"wp:term":[{"taxonomy":"product_brand","embeddable":true,"href":"http:\/\/iodontosul.com.br\/index.php?rest_route=%2Fwp%2Fv2%2Fproduct_brand&post=1241"},{"taxonomy":"product_cat","embeddable":true,"href":"http:\/\/iodontosul.com.br\/index.php?rest_route=%2Fwp%2Fv2%2Fproduct_cat&post=1241"},{"taxonomy":"product_tag","embeddable":true,"href":"http:\/\/iodontosul.com.br\/index.php?rest_route=%2Fwp%2Fv2%2Fproduct_tag&post=1241"}],"curies":[{"name":"wp","href":"https:\/\/api.w.org\/{rel}","templated":true}]}}