{"id":1220,"date":"2021-10-11T12:08:48","date_gmt":"2021-10-11T12:08:48","guid":{"rendered":"https:\/\/iodontosul.com.br\/produto\/abridor-de-boca-par\/"},"modified":"2025-07-07T16:53:24","modified_gmt":"2025-07-07T16:53:24","slug":"abridor-de-boca-par","status":"publish","type":"product","link":"http:\/\/iodontosul.com.br\/?product=abridor-de-boca-par","title":{"rendered":"Abridor de Boca &#8211; Abritex"},"content":{"rendered":"<p><strong>INDICA\u00c7\u00c3O: <\/strong><\/p>\n<p>\u00c9 um dispositivo para auxiliar na abertura de boca do paciente, facilitando a execu\u00e7\u00e3o dos procedimentos cl\u00ednicos pelo profissional.<\/p>\n<p><strong>REG. ANVISA:<\/strong> 80442020029.<\/p>\n","protected":false},"excerpt":{"rendered":"<p>INDICA\u00c7\u00c3O: \u00c9 um dispositivo para auxiliar na abertura de boca do paciente, facilitando a execu\u00e7\u00e3o dos procedimentos cl\u00ednicos pelo profissional. REG. ANVISA: 80442020029.<\/p>\n","protected":false},"featured_media":1618,"template":"","meta":{"_acf_changed":false,"_eb_attr":""},"product_brand":[],"product_cat":[80],"product_tag":[106],"class_list":{"0":"post-1220","1":"product","2":"type-product","3":"status-publish","4":"has-post-thumbnail","6":"product_cat-acessorios","7":"product_tag-abridor-de-boca","9":"first","10":"instock","11":"shipping-taxable","12":"purchasable","13":"product-type-variable"},"acf":[],"_links":{"self":[{"href":"http:\/\/iodontosul.com.br\/index.php?rest_route=\/wp\/v2\/product\/1220","targetHints":{"allow":["GET"]}}],"collection":[{"href":"http:\/\/iodontosul.com.br\/index.php?rest_route=\/wp\/v2\/product"}],"about":[{"href":"http:\/\/iodontosul.com.br\/index.php?rest_route=\/wp\/v2\/types\/product"}],"wp:featuredmedia":[{"embeddable":true,"href":"http:\/\/iodontosul.com.br\/index.php?rest_route=\/wp\/v2\/media\/1618"}],"wp:attachment":[{"href":"http:\/\/iodontosul.com.br\/index.php?rest_route=%2Fwp%2Fv2%2Fmedia&parent=1220"}],"wp:term":[{"taxonomy":"product_brand","embeddable":true,"href":"http:\/\/iodontosul.com.br\/index.php?rest_route=%2Fwp%2Fv2%2Fproduct_brand&post=1220"},{"taxonomy":"product_cat","embeddable":true,"href":"http:\/\/iodontosul.com.br\/index.php?rest_route=%2Fwp%2Fv2%2Fproduct_cat&post=1220"},{"taxonomy":"product_tag","embeddable":true,"href":"http:\/\/iodontosul.com.br\/index.php?rest_route=%2Fwp%2Fv2%2Fproduct_tag&post=1220"}],"curies":[{"name":"wp","href":"https:\/\/api.w.org\/{rel}","templated":true}]}}