{"id":1218,"date":"2021-10-11T12:08:48","date_gmt":"2021-10-11T12:08:48","guid":{"rendered":"https:\/\/iodontosul.com.br\/produto\/tira-abrasiva-de-aco\/"},"modified":"2025-05-09T22:01:58","modified_gmt":"2025-05-09T22:01:58","slug":"tira-abrasiva-de-aco","status":"publish","type":"product","link":"http:\/\/iodontosul.com.br\/?product=tira-abrasiva-de-aco","title":{"rendered":"Tira Abrasiva de a\u00e7o"},"content":{"rendered":"<p><strong>INDICA\u00c7\u00c3O:<\/strong><\/p>\n<p>Tira para acabamento e polimento das faces interproximais de restaura\u00e7\u00f5es dentais.<\/p>\n<ul>\n<li>Tira de a\u00e7o 4mm;<\/li>\n<li>Tira de a\u00e7o 6mm.<\/li>\n<\/ul>\n<p>&nbsp;<\/p>\n<p><strong>REG. ANVISA:<\/strong> 80442020035<\/p>\n","protected":false},"excerpt":{"rendered":"<p>INDICA\u00c7\u00c3O: Tira para acabamento e polimento das faces interproximais de restaura\u00e7\u00f5es dentais. Tira de a\u00e7o 4mm; Tira de a\u00e7o 6mm. &nbsp; REG. ANVISA: 80442020035<\/p>\n","protected":false},"featured_media":2933,"template":"","meta":{"_acf_changed":false,"_eb_attr":""},"product_brand":[],"product_cat":[79],"product_tag":[],"class_list":{"0":"post-1218","1":"product","2":"type-product","3":"status-publish","4":"has-post-thumbnail","6":"product_cat-acabamento-e-profilaxia","8":"first","9":"onbackorder","10":"shipping-taxable","11":"purchasable","12":"product-type-variable"},"acf":[],"_links":{"self":[{"href":"http:\/\/iodontosul.com.br\/index.php?rest_route=\/wp\/v2\/product\/1218","targetHints":{"allow":["GET"]}}],"collection":[{"href":"http:\/\/iodontosul.com.br\/index.php?rest_route=\/wp\/v2\/product"}],"about":[{"href":"http:\/\/iodontosul.com.br\/index.php?rest_route=\/wp\/v2\/types\/product"}],"wp:featuredmedia":[{"embeddable":true,"href":"http:\/\/iodontosul.com.br\/index.php?rest_route=\/wp\/v2\/media\/2933"}],"wp:attachment":[{"href":"http:\/\/iodontosul.com.br\/index.php?rest_route=%2Fwp%2Fv2%2Fmedia&parent=1218"}],"wp:term":[{"taxonomy":"product_brand","embeddable":true,"href":"http:\/\/iodontosul.com.br\/index.php?rest_route=%2Fwp%2Fv2%2Fproduct_brand&post=1218"},{"taxonomy":"product_cat","embeddable":true,"href":"http:\/\/iodontosul.com.br\/index.php?rest_route=%2Fwp%2Fv2%2Fproduct_cat&post=1218"},{"taxonomy":"product_tag","embeddable":true,"href":"http:\/\/iodontosul.com.br\/index.php?rest_route=%2Fwp%2Fv2%2Fproduct_tag&post=1218"}],"curies":[{"name":"wp","href":"https:\/\/api.w.org\/{rel}","templated":true}]}}