{"id":1205,"date":"2021-10-11T12:08:46","date_gmt":"2021-10-11T12:08:46","guid":{"rendered":"https:\/\/iodontosul.com.br\/produto\/pedra-pomes\/"},"modified":"2025-05-07T20:02:02","modified_gmt":"2025-05-07T20:02:02","slug":"pedra-pomes","status":"publish","type":"product","link":"http:\/\/iodontosul.com.br\/?product=pedra-pomes","title":{"rendered":"Pedra Pomes &#8211; Pomitec"},"content":{"rendered":"<p><strong>INDICA\u00c7\u00c3O:<\/strong><br \/>\nIndicado para a limpeza e polimento de:<br \/>\nEsmalte dent\u00e1rio;<br \/>\nOuro coesivo;<br \/>\nAm\u00e1lgama;<br \/>\nResina acr\u00edlica;<br \/>\nPode ser utilizada com \u00e1gua ou pasta profil\u00e1tica.<\/p>\n<p>&nbsp;<\/p>\n<p><strong>REG. ANVISA:<\/strong> 80442020008.<\/p>\n","protected":false},"excerpt":{"rendered":"<p>INDICA\u00c7\u00c3O: Indicado para a limpeza e polimento de: Esmalte dent\u00e1rio; Ouro coesivo; Am\u00e1lgama; Resina acr\u00edlica; Pode ser utilizada com \u00e1gua ou pasta profil\u00e1tica. &nbsp; REG. ANVISA: 80442020008.<\/p>\n","protected":false},"featured_media":2165,"template":"","meta":{"_acf_changed":false,"_eb_attr":""},"product_brand":[],"product_cat":[79],"product_tag":[],"class_list":{"0":"post-1205","1":"product","2":"type-product","3":"status-publish","4":"has-post-thumbnail","6":"product_cat-acabamento-e-profilaxia","8":"first","9":"onbackorder","10":"shipping-taxable","11":"purchasable","12":"product-type-variable"},"acf":[],"_links":{"self":[{"href":"http:\/\/iodontosul.com.br\/index.php?rest_route=\/wp\/v2\/product\/1205","targetHints":{"allow":["GET"]}}],"collection":[{"href":"http:\/\/iodontosul.com.br\/index.php?rest_route=\/wp\/v2\/product"}],"about":[{"href":"http:\/\/iodontosul.com.br\/index.php?rest_route=\/wp\/v2\/types\/product"}],"wp:featuredmedia":[{"embeddable":true,"href":"http:\/\/iodontosul.com.br\/index.php?rest_route=\/wp\/v2\/media\/2165"}],"wp:attachment":[{"href":"http:\/\/iodontosul.com.br\/index.php?rest_route=%2Fwp%2Fv2%2Fmedia&parent=1205"}],"wp:term":[{"taxonomy":"product_brand","embeddable":true,"href":"http:\/\/iodontosul.com.br\/index.php?rest_route=%2Fwp%2Fv2%2Fproduct_brand&post=1205"},{"taxonomy":"product_cat","embeddable":true,"href":"http:\/\/iodontosul.com.br\/index.php?rest_route=%2Fwp%2Fv2%2Fproduct_cat&post=1205"},{"taxonomy":"product_tag","embeddable":true,"href":"http:\/\/iodontosul.com.br\/index.php?rest_route=%2Fwp%2Fv2%2Fproduct_tag&post=1205"}],"curies":[{"name":"wp","href":"https:\/\/api.w.org\/{rel}","templated":true}]}}