{"id":1203,"date":"2021-10-11T12:08:45","date_gmt":"2021-10-11T12:08:45","guid":{"rendered":"https:\/\/iodontosul.com.br\/produto\/past-pro-pasta-profilatica-com-fluor-90g-menta\/"},"modified":"2025-07-09T12:33:13","modified_gmt":"2025-07-09T12:33:13","slug":"past-pro-pasta-profilatica-com-fluor-90g-menta","status":"publish","type":"product","link":"http:\/\/iodontosul.com.br\/?product=past-pro-pasta-profilatica-com-fluor-90g-menta","title":{"rendered":"Past PR\u00d3 &#8211; Pasta profil\u00e1tica"},"content":{"rendered":"<p><strong>INDICA\u00c7\u00c3O:<\/strong><\/p>\n<p>Pasta abrasiva indicada para profilaxia oral e remo\u00e7\u00e3o da placa bacteriana.<\/p>\n<p>&nbsp;<\/p>\n<p><strong>REG. ANVISA:<\/strong> 80442020050<\/p>\n","protected":false},"excerpt":{"rendered":"<p>INDICA\u00c7\u00c3O: Pasta abrasiva indicada para profilaxia oral e remo\u00e7\u00e3o da placa bacteriana. &nbsp; REG. ANVISA: 80442020050<\/p>\n","protected":false},"featured_media":2435,"template":"","meta":{"_acf_changed":false,"_eb_attr":""},"product_brand":[],"product_cat":[79],"product_tag":[],"class_list":{"0":"post-1203","1":"product","2":"type-product","3":"status-publish","4":"has-post-thumbnail","6":"product_cat-acabamento-e-profilaxia","8":"first","9":"onbackorder","10":"shipping-taxable","11":"purchasable","12":"product-type-variable"},"acf":[],"_links":{"self":[{"href":"http:\/\/iodontosul.com.br\/index.php?rest_route=\/wp\/v2\/product\/1203","targetHints":{"allow":["GET"]}}],"collection":[{"href":"http:\/\/iodontosul.com.br\/index.php?rest_route=\/wp\/v2\/product"}],"about":[{"href":"http:\/\/iodontosul.com.br\/index.php?rest_route=\/wp\/v2\/types\/product"}],"wp:featuredmedia":[{"embeddable":true,"href":"http:\/\/iodontosul.com.br\/index.php?rest_route=\/wp\/v2\/media\/2435"}],"wp:attachment":[{"href":"http:\/\/iodontosul.com.br\/index.php?rest_route=%2Fwp%2Fv2%2Fmedia&parent=1203"}],"wp:term":[{"taxonomy":"product_brand","embeddable":true,"href":"http:\/\/iodontosul.com.br\/index.php?rest_route=%2Fwp%2Fv2%2Fproduct_brand&post=1203"},{"taxonomy":"product_cat","embeddable":true,"href":"http:\/\/iodontosul.com.br\/index.php?rest_route=%2Fwp%2Fv2%2Fproduct_cat&post=1203"},{"taxonomy":"product_tag","embeddable":true,"href":"http:\/\/iodontosul.com.br\/index.php?rest_route=%2Fwp%2Fv2%2Fproduct_tag&post=1203"}],"curies":[{"name":"wp","href":"https:\/\/api.w.org\/{rel}","templated":true}]}}