{"id":1202,"date":"2021-10-11T12:08:45","date_gmt":"2021-10-11T12:08:45","guid":{"rendered":"https:\/\/iodontosul.com.br\/produto\/moldeira-para-clareamento-termomoldavel-tamanho-medio\/"},"modified":"2025-05-15T19:09:17","modified_gmt":"2025-05-15T19:09:17","slug":"moldeira-para-clareamento-termomoldavel-tamanho-medio","status":"publish","type":"product","link":"http:\/\/iodontosul.com.br\/?product=moldeira-para-clareamento-termomoldavel-tamanho-medio","title":{"rendered":"Moldeira para Clareamento Termomold\u00e1vel"},"content":{"rendered":"<p><strong>INDICA\u00c7\u00c3O:<\/strong><\/p>\n<p>&nbsp;<\/p>\n<p>Moldeira termomold\u00e1vel para clareamento, confec\u00e7\u00e3o de protetores bucais esportivos ou ortod\u00f4nticos.<\/p>\n<p>&nbsp;<\/p>\n<p><strong>REG. ANVISA:<\/strong> 80442020036<\/p>\n","protected":false},"excerpt":{"rendered":"<p>INDICA\u00c7\u00c3O: &nbsp; Moldeira termomold\u00e1vel para clareamento, confec\u00e7\u00e3o de protetores bucais esportivos ou ortod\u00f4nticos. &nbsp; REG. ANVISA: 80442020036<\/p>\n","protected":false},"featured_media":2860,"template":"","meta":{"_acf_changed":false,"_eb_attr":""},"product_brand":[],"product_cat":[78],"product_tag":[],"class_list":{"0":"post-1202","1":"product","2":"type-product","3":"status-publish","4":"has-post-thumbnail","6":"product_cat-clareamento","8":"first","9":"instock","10":"shipping-taxable","11":"product-type-simple"},"acf":[],"_links":{"self":[{"href":"http:\/\/iodontosul.com.br\/index.php?rest_route=\/wp\/v2\/product\/1202","targetHints":{"allow":["GET"]}}],"collection":[{"href":"http:\/\/iodontosul.com.br\/index.php?rest_route=\/wp\/v2\/product"}],"about":[{"href":"http:\/\/iodontosul.com.br\/index.php?rest_route=\/wp\/v2\/types\/product"}],"wp:featuredmedia":[{"embeddable":true,"href":"http:\/\/iodontosul.com.br\/index.php?rest_route=\/wp\/v2\/media\/2860"}],"wp:attachment":[{"href":"http:\/\/iodontosul.com.br\/index.php?rest_route=%2Fwp%2Fv2%2Fmedia&parent=1202"}],"wp:term":[{"taxonomy":"product_brand","embeddable":true,"href":"http:\/\/iodontosul.com.br\/index.php?rest_route=%2Fwp%2Fv2%2Fproduct_brand&post=1202"},{"taxonomy":"product_cat","embeddable":true,"href":"http:\/\/iodontosul.com.br\/index.php?rest_route=%2Fwp%2Fv2%2Fproduct_cat&post=1202"},{"taxonomy":"product_tag","embeddable":true,"href":"http:\/\/iodontosul.com.br\/index.php?rest_route=%2Fwp%2Fv2%2Fproduct_tag&post=1202"}],"curies":[{"name":"wp","href":"https:\/\/api.w.org\/{rel}","templated":true}]}}