{"id":1190,"date":"2021-10-11T12:08:42","date_gmt":"2021-10-11T12:08:42","guid":{"rendered":"https:\/\/iodontosul.com.br\/produto\/perio-stone-pedra-de-afilar-instrumental\/"},"modified":"2025-05-14T14:52:09","modified_gmt":"2025-05-14T14:52:09","slug":"perio-stone-pedra-de-afilar-instrumental","status":"publish","type":"product","link":"http:\/\/iodontosul.com.br\/?product=perio-stone-pedra-de-afilar-instrumental","title":{"rendered":"Periostone &#8211; Pedra de Afiar Instrumental"},"content":{"rendered":"<p><strong>INDICA\u00c7\u00c3O:<\/strong><\/p>\n<p>Afia\u00e7\u00e3o instrumentos.<\/p>\n<p>&nbsp;<\/p>\n<p><strong> REG. ANVISA:<\/strong> Dispensa<\/p>\n","protected":false},"excerpt":{"rendered":"<p>INDICA\u00c7\u00c3O: Afia\u00e7\u00e3o instrumentos. &nbsp; REG. ANVISA: Dispensa<\/p>\n","protected":false},"featured_media":2436,"template":"","meta":{"_acf_changed":false,"_eb_attr":""},"product_brand":[],"product_cat":[80],"product_tag":[],"class_list":{"0":"post-1190","1":"product","2":"type-product","3":"status-publish","4":"has-post-thumbnail","6":"product_cat-acessorios","8":"first","9":"onbackorder","10":"shipping-taxable","11":"purchasable","12":"product-type-variable"},"acf":[],"_links":{"self":[{"href":"http:\/\/iodontosul.com.br\/index.php?rest_route=\/wp\/v2\/product\/1190","targetHints":{"allow":["GET"]}}],"collection":[{"href":"http:\/\/iodontosul.com.br\/index.php?rest_route=\/wp\/v2\/product"}],"about":[{"href":"http:\/\/iodontosul.com.br\/index.php?rest_route=\/wp\/v2\/types\/product"}],"wp:featuredmedia":[{"embeddable":true,"href":"http:\/\/iodontosul.com.br\/index.php?rest_route=\/wp\/v2\/media\/2436"}],"wp:attachment":[{"href":"http:\/\/iodontosul.com.br\/index.php?rest_route=%2Fwp%2Fv2%2Fmedia&parent=1190"}],"wp:term":[{"taxonomy":"product_brand","embeddable":true,"href":"http:\/\/iodontosul.com.br\/index.php?rest_route=%2Fwp%2Fv2%2Fproduct_brand&post=1190"},{"taxonomy":"product_cat","embeddable":true,"href":"http:\/\/iodontosul.com.br\/index.php?rest_route=%2Fwp%2Fv2%2Fproduct_cat&post=1190"},{"taxonomy":"product_tag","embeddable":true,"href":"http:\/\/iodontosul.com.br\/index.php?rest_route=%2Fwp%2Fv2%2Fproduct_tag&post=1190"}],"curies":[{"name":"wp","href":"https:\/\/api.w.org\/{rel}","templated":true}]}}