{"id":1185,"date":"2021-10-11T12:08:41","date_gmt":"2021-10-11T12:08:41","guid":{"rendered":"https:\/\/iodontosul.com.br\/produto\/barreira-gengival-master-dam-azul\/"},"modified":"2025-09-09T18:12:06","modified_gmt":"2025-09-09T18:12:06","slug":"barreira-gengival-master-dam-azul","status":"publish","type":"product","link":"http:\/\/iodontosul.com.br\/?product=barreira-gengival-master-dam-azul","title":{"rendered":"Barreira gengival Master DAM"},"content":{"rendered":"<p><strong>INDICA\u00c7\u00c3O:<\/strong><\/p>\n<p>&nbsp;<\/p>\n<p>Utilizada para a prote\u00e7\u00e3o do tecido gengival, em procedimentos cl\u00ednicos que possam causar algum desconforto ou irritabilidade por contato de produtos utilizados.<\/p>\n<p><strong>REG. ANVISA:<\/strong> 80442020057<\/p>\n","protected":false},"excerpt":{"rendered":"<p>INDICA\u00c7\u00c3O: &nbsp; Utilizada para a prote\u00e7\u00e3o do tecido gengival, em procedimentos cl\u00ednicos que possam causar algum desconforto ou irritabilidade por contato de produtos utilizados. REG. ANVISA: 80442020057<\/p>\n","protected":false},"featured_media":5340,"template":"","meta":{"_acf_changed":false,"_eb_attr":""},"product_brand":[],"product_cat":[91],"product_tag":[],"class_list":{"0":"post-1185","1":"product","2":"type-product","3":"status-publish","4":"has-post-thumbnail","6":"product_cat-barreira-gengival","8":"first","9":"onbackorder","10":"shipping-taxable","11":"purchasable","12":"product-type-variable"},"acf":[],"_links":{"self":[{"href":"http:\/\/iodontosul.com.br\/index.php?rest_route=\/wp\/v2\/product\/1185","targetHints":{"allow":["GET"]}}],"collection":[{"href":"http:\/\/iodontosul.com.br\/index.php?rest_route=\/wp\/v2\/product"}],"about":[{"href":"http:\/\/iodontosul.com.br\/index.php?rest_route=\/wp\/v2\/types\/product"}],"wp:featuredmedia":[{"embeddable":true,"href":"http:\/\/iodontosul.com.br\/index.php?rest_route=\/wp\/v2\/media\/5340"}],"wp:attachment":[{"href":"http:\/\/iodontosul.com.br\/index.php?rest_route=%2Fwp%2Fv2%2Fmedia&parent=1185"}],"wp:term":[{"taxonomy":"product_brand","embeddable":true,"href":"http:\/\/iodontosul.com.br\/index.php?rest_route=%2Fwp%2Fv2%2Fproduct_brand&post=1185"},{"taxonomy":"product_cat","embeddable":true,"href":"http:\/\/iodontosul.com.br\/index.php?rest_route=%2Fwp%2Fv2%2Fproduct_cat&post=1185"},{"taxonomy":"product_tag","embeddable":true,"href":"http:\/\/iodontosul.com.br\/index.php?rest_route=%2Fwp%2Fv2%2Fproduct_tag&post=1185"}],"curies":[{"name":"wp","href":"https:\/\/api.w.org\/{rel}","templated":true}]}}