{"id":1183,"date":"2021-10-11T12:08:41","date_gmt":"2021-10-11T12:08:41","guid":{"rendered":"https:\/\/iodontosul.com.br\/produto\/atack-acido-5\/"},"modified":"2025-09-09T17:24:52","modified_gmt":"2025-09-09T17:24:52","slug":"atack-acido","status":"publish","type":"product","link":"http:\/\/iodontosul.com.br\/?product=atack-acido","title":{"rendered":"Attack \u00c1cido Fluor\u00eddrico HF"},"content":{"rendered":"<p><strong>INDICA\u00c7\u00c3O:<\/strong><\/p>\n<p>&nbsp;<\/p>\n<p>O Attack \u00c1cido 5% e 10% \u00e9 um gel acidulado fluor\u00eddrico para condicionamento superficial de porcelanas dentais, auxiliando na promo\u00e7\u00e3o de reten\u00e7\u00e3o em restaura\u00e7\u00f5es.<\/p>\n<p>&nbsp;<\/p>\n<p>\u00c1cido fluor\u00eddrico com varia\u00e7\u00f5es de\u00a0 <strong>5% e 10%<\/strong>;<\/p>\n<p>&nbsp;<\/p>\n<p><strong>REG. ANVISA:<\/strong> 80442020061<\/p>\n","protected":false},"excerpt":{"rendered":"<p>&nbsp;<\/p>\n<p>&nbsp;<\/p>\n","protected":false},"featured_media":5337,"template":"","meta":{"_acf_changed":false,"_eb_attr":""},"product_brand":[],"product_cat":[88],"product_tag":[],"class_list":{"0":"post-1183","1":"product","2":"type-product","3":"status-publish","4":"has-post-thumbnail","6":"product_cat-agentes-condicionantes","8":"first","9":"instock","10":"shipping-taxable","11":"purchasable","12":"product-type-variable"},"acf":[],"_links":{"self":[{"href":"http:\/\/iodontosul.com.br\/index.php?rest_route=\/wp\/v2\/product\/1183","targetHints":{"allow":["GET"]}}],"collection":[{"href":"http:\/\/iodontosul.com.br\/index.php?rest_route=\/wp\/v2\/product"}],"about":[{"href":"http:\/\/iodontosul.com.br\/index.php?rest_route=\/wp\/v2\/types\/product"}],"wp:featuredmedia":[{"embeddable":true,"href":"http:\/\/iodontosul.com.br\/index.php?rest_route=\/wp\/v2\/media\/5337"}],"wp:attachment":[{"href":"http:\/\/iodontosul.com.br\/index.php?rest_route=%2Fwp%2Fv2%2Fmedia&parent=1183"}],"wp:term":[{"taxonomy":"product_brand","embeddable":true,"href":"http:\/\/iodontosul.com.br\/index.php?rest_route=%2Fwp%2Fv2%2Fproduct_brand&post=1183"},{"taxonomy":"product_cat","embeddable":true,"href":"http:\/\/iodontosul.com.br\/index.php?rest_route=%2Fwp%2Fv2%2Fproduct_cat&post=1183"},{"taxonomy":"product_tag","embeddable":true,"href":"http:\/\/iodontosul.com.br\/index.php?rest_route=%2Fwp%2Fv2%2Fproduct_tag&post=1183"}],"curies":[{"name":"wp","href":"https:\/\/api.w.org\/{rel}","templated":true}]}}