{"id":1149,"date":"2021-10-11T12:08:33","date_gmt":"2021-10-11T12:08:33","guid":{"rendered":"https:\/\/iodontosul.com.br\/produto\/ponta-misturadora-amarela-1-x-1\/"},"modified":"2025-07-09T13:03:32","modified_gmt":"2025-07-09T13:03:32","slug":"ponta-misturadora-amarela-1-x-1","status":"publish","type":"product","link":"http:\/\/iodontosul.com.br\/?product=ponta-misturadora-amarela-1-x-1","title":{"rendered":"Ponta Misturadora Amarela 1 x 1"},"content":{"rendered":"<p><strong>INDICA\u00c7\u00c3O:<\/strong><\/p>\n<p>Indicada para a aplica\u00e7\u00e3o de materiais de moldagem com mistura homog\u00eanea em cartuchos 1:1.<\/p>\n<p><strong>REG. ANVISA:<\/strong> Dispensa<\/p>\n<p>&nbsp;<\/p>\n<p>&nbsp;<\/p>\n<p>&nbsp;<\/p>\n","protected":false},"excerpt":{"rendered":"<p>INDICA\u00c7\u00c3O: Indicada para a aplica\u00e7\u00e3o de materiais de moldagem com mistura homog\u00eanea em cartuchos 1:1. REG. ANVISA: Dispensa &nbsp; &nbsp; &nbsp;<\/p>\n","protected":false},"featured_media":2504,"template":"","meta":{"_acf_changed":false,"_eb_attr":""},"product_brand":[],"product_cat":[80],"product_tag":[],"class_list":{"0":"post-1149","1":"product","2":"type-product","3":"status-publish","4":"has-post-thumbnail","6":"product_cat-acessorios","8":"first","9":"instock","10":"shipping-taxable","11":"product-type-simple"},"acf":[],"_links":{"self":[{"href":"http:\/\/iodontosul.com.br\/index.php?rest_route=\/wp\/v2\/product\/1149","targetHints":{"allow":["GET"]}}],"collection":[{"href":"http:\/\/iodontosul.com.br\/index.php?rest_route=\/wp\/v2\/product"}],"about":[{"href":"http:\/\/iodontosul.com.br\/index.php?rest_route=\/wp\/v2\/types\/product"}],"wp:featuredmedia":[{"embeddable":true,"href":"http:\/\/iodontosul.com.br\/index.php?rest_route=\/wp\/v2\/media\/2504"}],"wp:attachment":[{"href":"http:\/\/iodontosul.com.br\/index.php?rest_route=%2Fwp%2Fv2%2Fmedia&parent=1149"}],"wp:term":[{"taxonomy":"product_brand","embeddable":true,"href":"http:\/\/iodontosul.com.br\/index.php?rest_route=%2Fwp%2Fv2%2Fproduct_brand&post=1149"},{"taxonomy":"product_cat","embeddable":true,"href":"http:\/\/iodontosul.com.br\/index.php?rest_route=%2Fwp%2Fv2%2Fproduct_cat&post=1149"},{"taxonomy":"product_tag","embeddable":true,"href":"http:\/\/iodontosul.com.br\/index.php?rest_route=%2Fwp%2Fv2%2Fproduct_tag&post=1149"}],"curies":[{"name":"wp","href":"https:\/\/api.w.org\/{rel}","templated":true}]}}