{"id":1130,"date":"2021-10-11T12:08:28","date_gmt":"2021-10-11T12:08:28","guid":{"rendered":"https:\/\/iodontosul.com.br\/produto\/e-d-t-a-gel\/"},"modified":"2025-09-10T13:54:17","modified_gmt":"2025-09-10T13:54:17","slug":"e-d-t-a-gel","status":"publish","type":"product","link":"http:\/\/iodontosul.com.br\/?product=e-d-t-a-gel","title":{"rendered":"E.D.T.A. TRISS\u00d3DICO &#8211; Agente quelante"},"content":{"rendered":"<p><strong>INDICA\u00c7\u00c3O:<\/strong><\/p>\n<p>&nbsp;<\/p>\n<p>\u00c9 um agente quelante para limpeza (remo\u00e7\u00e3o da smear layer, lama dent\u00e1ria) e alargamento do canal radicular para a ades\u00e3o de materiais obturadores.<\/p>\n<p>&nbsp;<\/p>\n<p><strong>REG. ANVISA:<\/strong><br \/>\nSolu\u00e7\u00e3o: 80442020013;<br \/>\nGel: 80442029008.<\/p>\n","protected":false},"excerpt":{"rendered":"<p>INDICA\u00c7\u00c3O: &nbsp; \u00c9 um agente quelante para limpeza (remo\u00e7\u00e3o da smear layer, lama dent\u00e1ria) e alargamento do canal radicular para a ades\u00e3o de materiais obturadores. &nbsp; REG. ANVISA: Solu\u00e7\u00e3o: 80442020013; Gel: 80442029008.<\/p>\n","protected":false},"featured_media":5347,"template":"","meta":{"_acf_changed":false,"_eb_attr":""},"product_brand":[],"product_cat":[95],"product_tag":[],"class_list":{"0":"post-1130","1":"product","2":"type-product","3":"status-publish","4":"has-post-thumbnail","6":"product_cat-endodontia","8":"first","9":"onbackorder","10":"shipping-taxable","11":"purchasable","12":"product-type-variable"},"acf":[],"_links":{"self":[{"href":"http:\/\/iodontosul.com.br\/index.php?rest_route=\/wp\/v2\/product\/1130","targetHints":{"allow":["GET"]}}],"collection":[{"href":"http:\/\/iodontosul.com.br\/index.php?rest_route=\/wp\/v2\/product"}],"about":[{"href":"http:\/\/iodontosul.com.br\/index.php?rest_route=\/wp\/v2\/types\/product"}],"wp:featuredmedia":[{"embeddable":true,"href":"http:\/\/iodontosul.com.br\/index.php?rest_route=\/wp\/v2\/media\/5347"}],"wp:attachment":[{"href":"http:\/\/iodontosul.com.br\/index.php?rest_route=%2Fwp%2Fv2%2Fmedia&parent=1130"}],"wp:term":[{"taxonomy":"product_brand","embeddable":true,"href":"http:\/\/iodontosul.com.br\/index.php?rest_route=%2Fwp%2Fv2%2Fproduct_brand&post=1130"},{"taxonomy":"product_cat","embeddable":true,"href":"http:\/\/iodontosul.com.br\/index.php?rest_route=%2Fwp%2Fv2%2Fproduct_cat&post=1130"},{"taxonomy":"product_tag","embeddable":true,"href":"http:\/\/iodontosul.com.br\/index.php?rest_route=%2Fwp%2Fv2%2Fproduct_tag&post=1130"}],"curies":[{"name":"wp","href":"https:\/\/api.w.org\/{rel}","templated":true}]}}