{"id":1119,"date":"2021-10-11T12:08:26","date_gmt":"2021-10-11T12:08:26","guid":{"rendered":"https:\/\/iodontosul.com.br\/produto\/diamond-pro\/"},"modified":"2025-07-18T17:16:23","modified_gmt":"2025-07-18T17:16:23","slug":"diamond-pro","status":"publish","type":"product","link":"http:\/\/iodontosul.com.br\/?product=diamond-pro","title":{"rendered":"Diamond PRO &#8211; Pasta de polimento diamantada"},"content":{"rendered":"<p><strong>INDICA\u00c7\u00c3O:<\/strong><\/p>\n<p>O produto \u00e9 indicado para dar polimento em materiais restauradores em geral, especialmente em porcelanas, com aux\u00edlio de discos de feltro.<\/p>\n<p>&nbsp;<\/p>\n<p><strong>REG. ANVISA:<\/strong> 80442020058<\/p>\n","protected":false},"excerpt":{"rendered":"<p>INDICA\u00c7\u00c3O: O produto \u00e9 indicado para dar polimento em materiais restauradores em geral, especialmente em porcelanas, com aux\u00edlio de discos de feltro. &nbsp; REG. ANVISA: 80442020058<\/p>\n","protected":false},"featured_media":2914,"template":"","meta":{"_acf_changed":false,"_eb_attr":""},"product_brand":[],"product_cat":[79],"product_tag":[],"class_list":{"0":"post-1119","1":"product","2":"type-product","3":"status-publish","4":"has-post-thumbnail","6":"product_cat-acabamento-e-profilaxia","7":"wcpa_has_options","9":"first","10":"instock","11":"shipping-taxable","12":"product-type-simple"},"acf":[],"_links":{"self":[{"href":"http:\/\/iodontosul.com.br\/index.php?rest_route=\/wp\/v2\/product\/1119","targetHints":{"allow":["GET"]}}],"collection":[{"href":"http:\/\/iodontosul.com.br\/index.php?rest_route=\/wp\/v2\/product"}],"about":[{"href":"http:\/\/iodontosul.com.br\/index.php?rest_route=\/wp\/v2\/types\/product"}],"wp:featuredmedia":[{"embeddable":true,"href":"http:\/\/iodontosul.com.br\/index.php?rest_route=\/wp\/v2\/media\/2914"}],"wp:attachment":[{"href":"http:\/\/iodontosul.com.br\/index.php?rest_route=%2Fwp%2Fv2%2Fmedia&parent=1119"}],"wp:term":[{"taxonomy":"product_brand","embeddable":true,"href":"http:\/\/iodontosul.com.br\/index.php?rest_route=%2Fwp%2Fv2%2Fproduct_brand&post=1119"},{"taxonomy":"product_cat","embeddable":true,"href":"http:\/\/iodontosul.com.br\/index.php?rest_route=%2Fwp%2Fv2%2Fproduct_cat&post=1119"},{"taxonomy":"product_tag","embeddable":true,"href":"http:\/\/iodontosul.com.br\/index.php?rest_route=%2Fwp%2Fv2%2Fproduct_tag&post=1119"}],"curies":[{"name":"wp","href":"https:\/\/api.w.org\/{rel}","templated":true}]}}